{"id":7066,"date":"2024-11-25T15:10:13","date_gmt":"2024-11-25T12:10:13","guid":{"rendered":"https:\/\/www.kumkoybeachresort.com\/?page_id=7066"},"modified":"2025-02-27T12:03:26","modified_gmt":"2025-02-27T09:03:26","slug":"2022-2023","status":"publish","type":"page","link":"https:\/\/www.kumkoybeachresort.com\/index.php\/2022-2023\/","title":{"rendered":"2022-2023"},"content":{"rendered":"\t\t<div data-elementor-type=\"wp-page\" data-elementor-id=\"7066\" class=\"elementor elementor-7066\">\n\t\t\t\t<div class=\"elementor-element elementor-element-776cb51 e-flex e-con-boxed e-con e-parent\" data-id=\"776cb51\" data-element_type=\"container\" data-e-type=\"container\">\n\t\t\t\t\t<div class=\"e-con-inner\">\n\t\t\t\t<div class=\"elementor-element elementor-element-d202803 elementor-align-center elementor-widget elementor-widget-heading\" data-id=\"d202803\" data-element_type=\"widget\" data-e-type=\"widget\" data-widget_type=\"heading.default\">\n\t\t\t\t<div class=\"elementor-widget-container\">\n\t\t\t\t\t<span class=\"sub-title\">2022-2023<\/span><h2 class=\"elementor-heading-title elementor-size-default\">S\u00fcrd\u00fcr\u00fclebilirlik Raporlar\u0131m\u0131z<\/h2>\t\t\t\t<\/div>\n\t\t\t\t<\/div>\n\t\t\t\t\t<\/div>\n\t\t\t\t<\/div>\n\t\t<div class=\"elementor-element elementor-element-e9c7970 e-flex e-con-boxed e-con e-parent\" data-id=\"e9c7970\" data-element_type=\"container\" data-e-type=\"container\">\n\t\t\t\t\t<div class=\"e-con-inner\">\n\t\t<div class=\"elementor-element elementor-element-d0e3185 e-con-full e-flex e-con e-child\" data-id=\"d0e3185\" data-element_type=\"container\" data-e-type=\"container\">\n\t\t\t\t<div class=\"elementor-element elementor-element-d086857 elementor-widget elementor-widget-shortcode\" data-id=\"d086857\" data-element_type=\"widget\" data-e-type=\"widget\" data-widget_type=\"shortcode.default\">\n\t\t\t\t<div class=\"elementor-widget-container\">\n\t\t\t\t\t\t\t<div class=\"elementor-shortcode\"><div class=\"_df_thumb \" id=\"df_7023\"  _slug=\"surdurulebilirlik-raporu-2023-2024\" data-title=\"surdurulebilirlik-raporu-2023-2024\" wpoptions=\"true\" thumb=\"https:\/\/www.kumkoybeachresort.com\/wp-content\/uploads\/2024\/11\/Surdurulebilirlik-Raporu-2023-2024_pages-to-jpg-0001-scaled.jpg\" thumbtype=\"\" >S\u00fcrd\u00fcr\u00fclebilirlik Raporu 2023-2024<\/div><script class=\"df-shortcode-script\" nowprocket type=\"application\/javascript\">window.option_df_7023 = {\"outline\":[],\"autoEnableOutline\":\"false\",\"autoEnableThumbnail\":\"false\",\"overwritePDFOutline\":\"false\",\"backgroundImage\":\"https:\\\/\\\/www.kumkoybeachresort.com\\\/wp-content\\\/uploads\\\/2024\\\/11\\\/Surdurulebilirlik-Raporu-2023-2024_pages-to-jpg-0001-scaled.jpg\",\"direction\":\"1\",\"pageSize\":\"0\",\"source\":\"https:\\\/\\\/www.kumkoybeachresort.com\\\/wp-content\\\/uploads\\\/2019\\\/08\\\/Surdurulebilirlik-Raporu-2023-2024.pdf\",\"wpOptions\":\"true\"}; if(window.DFLIP && window.DFLIP.parseBooks){window.DFLIP.parseBooks();}<\/script><\/div>\n\t\t\t\t\t\t<\/div>\n\t\t\t\t<\/div>\n\t\t\t\t<\/div>\n\t\t\t\t\t<\/div>\n\t\t\t\t<\/div>\n\t\t<div class=\"elementor-element elementor-element-7f12ab6 e-flex e-con-boxed e-con e-parent\" data-id=\"7f12ab6\" data-element_type=\"container\" data-e-type=\"container\">\n\t\t\t\t\t<div class=\"e-con-inner\">\n\t\t\t\t\t<\/div>\n\t\t\t\t<\/div>\n\t\t<div class=\"elementor-element elementor-element-bceec04 e-flex e-con-boxed e-con e-parent\" data-id=\"bceec04\" data-element_type=\"container\" data-e-type=\"container\">\n\t\t\t\t\t<div class=\"e-con-inner\">\n\t\t<div class=\"elementor-element elementor-element-2baac77 e-con-full e-flex e-con e-child\" data-id=\"2baac77\" data-element_type=\"container\" data-e-type=\"container\">\n\t\t\t\t<div class=\"elementor-element elementor-element-627802d elementor-widget elementor-widget-shortcode\" data-id=\"627802d\" data-element_type=\"widget\" data-e-type=\"widget\" data-widget_type=\"shortcode.default\">\n\t\t\t\t<div class=\"elementor-widget-container\">\n\t\t\t\t\t\t\t<div class=\"elementor-shortcode\"><div class=\"_df_thumb \" id=\"df_7027\"  _slug=\"surdurulebilirlik-raporu-2023-2024-en\" data-title=\"surdurulebilirlik-raporu-2023-2024-en\" wpoptions=\"true\" thumb=\"https:\/\/www.kumkoybeachresort.com\/wp-content\/uploads\/2024\/11\/Sustainability-Report-2023-2024_pages-to-jpg-0001-scaled.jpg\" thumbtype=\"\" >S\u00fcrd\u00fcr\u00fclebilirlik Raporu 2023-2024 En<\/div><script class=\"df-shortcode-script\" nowprocket type=\"application\/javascript\">window.option_df_7027 = {\"outline\":[],\"autoEnableOutline\":\"false\",\"autoEnableThumbnail\":\"false\",\"overwritePDFOutline\":\"false\",\"backgroundImage\":\"https:\\\/\\\/www.kumkoybeachresort.com\\\/wp-content\\\/uploads\\\/2024\\\/11\\\/Sustainability-Report-2023-2024_pages-to-jpg-0001-scaled.jpg\",\"direction\":\"1\",\"pageSize\":\"0\",\"source\":\"https:\\\/\\\/www.kumkoybeachresort.com\\\/wp-content\\\/uploads\\\/2019\\\/08\\\/Sustainability-Report-2023-2024.pdf\",\"wpOptions\":\"true\"}; if(window.DFLIP && window.DFLIP.parseBooks){window.DFLIP.parseBooks();}<\/script><\/div>\n\t\t\t\t\t\t<\/div>\n\t\t\t\t<\/div>\n\t\t\t\t<\/div>\n\t\t\t\t\t<\/div>\n\t\t\t\t<\/div>\n\t\t<div class=\"elementor-element elementor-element-0273601 e-flex e-con-boxed e-con e-parent\" data-id=\"0273601\" data-element_type=\"container\" data-e-type=\"container\">\n\t\t\t\t\t<div class=\"e-con-inner\">\n\t\t\t\t\t<\/div>\n\t\t\t\t<\/div>\n\t\t<div class=\"elementor-element elementor-element-3bf4d72 e-flex e-con-boxed e-con e-parent\" data-id=\"3bf4d72\" data-element_type=\"container\" data-e-type=\"container\">\n\t\t\t\t\t<div class=\"e-con-inner\">\n\t\t<div class=\"elementor-element elementor-element-6b887f7 e-con-full e-flex e-con e-child\" data-id=\"6b887f7\" data-element_type=\"container\" data-e-type=\"container\">\n\t\t\t\t<div class=\"elementor-element elementor-element-a077f1b elementor-widget elementor-widget-shortcode\" data-id=\"a077f1b\" data-element_type=\"widget\" data-e-type=\"widget\" data-widget_type=\"shortcode.default\">\n\t\t\t\t<div class=\"elementor-widget-container\">\n\t\t\t\t\t\t\t<div class=\"elementor-shortcode\"><div class=\"_df_thumb \" id=\"df_7034\"  _slug=\"surdurulebilirlik-raporu-2023-2024-ger\" data-title=\"surdurulebilirlik-raporu-2023-2024-ger\" wpoptions=\"true\" thumb=\"https:\/\/www.kumkoybeachresort.com\/wp-content\/uploads\/2024\/11\/Nachhaltigkeit-Bericht-2023-2024-1.png\" thumbtype=\"\" >S\u00fcrd\u00fcr\u00fclebilirlik Raporu 2023-2024 Ger<\/div><script class=\"df-shortcode-script\" nowprocket type=\"application\/javascript\">window.option_df_7034 = {\"outline\":[],\"autoEnableOutline\":\"false\",\"autoEnableThumbnail\":\"false\",\"overwritePDFOutline\":\"false\",\"backgroundImage\":\"https:\\\/\\\/www.kumkoybeachresort.com\\\/wp-content\\\/uploads\\\/2024\\\/11\\\/Nachhaltigkeit-Bericht-2023-2024-1.png\",\"direction\":\"1\",\"pageSize\":\"0\",\"source\":\"https:\\\/\\\/www.kumkoybeachresort.com\\\/wp-content\\\/uploads\\\/2019\\\/08\\\/Nachhaltigkeit-Bericht-2023-2024.pdf\",\"wpOptions\":\"true\"}; if(window.DFLIP && window.DFLIP.parseBooks){window.DFLIP.parseBooks();}<\/script><\/div>\n\t\t\t\t\t\t<\/div>\n\t\t\t\t<\/div>\n\t\t\t\t<\/div>\n\t\t\t\t\t<\/div>\n\t\t\t\t<\/div>\n\t\t\t\t<\/div>\n\t\t","protected":false},"excerpt":{"rendered":"<p>2022-2023 S\u00fcrd\u00fcr\u00fclebilirlik Raporlar\u0131m\u0131z<\/p>\n","protected":false},"author":1,"featured_media":0,"parent":0,"menu_order":0,"comment_status":"closed","ping_status":"closed","template":"","meta":{"inline_featured_image":false,"footnotes":""},"class_list":["post-7066","page","type-page","status-publish","hentry"],"_links":{"self":[{"href":"https:\/\/www.kumkoybeachresort.com\/index.php\/wp-json\/wp\/v2\/pages\/7066","targetHints":{"allow":["GET"]}}],"collection":[{"href":"https:\/\/www.kumkoybeachresort.com\/index.php\/wp-json\/wp\/v2\/pages"}],"about":[{"href":"https:\/\/www.kumkoybeachresort.com\/index.php\/wp-json\/wp\/v2\/types\/page"}],"author":[{"embeddable":true,"href":"https:\/\/www.kumkoybeachresort.com\/index.php\/wp-json\/wp\/v2\/users\/1"}],"replies":[{"embeddable":true,"href":"https:\/\/www.kumkoybeachresort.com\/index.php\/wp-json\/wp\/v2\/comments?post=7066"}],"version-history":[{"count":13,"href":"https:\/\/www.kumkoybeachresort.com\/index.php\/wp-json\/wp\/v2\/pages\/7066\/revisions"}],"predecessor-version":[{"id":7321,"href":"https:\/\/www.kumkoybeachresort.com\/index.php\/wp-json\/wp\/v2\/pages\/7066\/revisions\/7321"}],"wp:attachment":[{"href":"https:\/\/www.kumkoybeachresort.com\/index.php\/wp-json\/wp\/v2\/media?parent=7066"}],"curies":[{"name":"wp","href":"https:\/\/api.w.org\/{rel}","templated":true}]}}