{"id":6616,"date":"2024-10-05T10:50:44","date_gmt":"2024-10-05T07:50:44","guid":{"rendered":"https:\/\/www.kumkoybeachresort.com\/?page_id=6616"},"modified":"2025-04-23T15:00:15","modified_gmt":"2025-04-23T12:00:15","slug":"president-suit-4-kisilik","status":"publish","type":"page","link":"https:\/\/www.kumkoybeachresort.com\/index.php\/president-suit-4-kisilik\/","title":{"rendered":"President Suit (4-Ki\u015filik)"},"content":{"rendered":"\t\t<div data-elementor-type=\"wp-page\" data-elementor-id=\"6616\" class=\"elementor elementor-6616\">\n\t\t\t\t<div class=\"elementor-element elementor-element-10d1f80 e-flex e-con-boxed e-con e-parent\" data-id=\"10d1f80\" data-element_type=\"container\" data-e-type=\"container\">\n\t\t\t\t\t<div class=\"e-con-inner\">\n\t\t\t\t<div class=\"elementor-element elementor-element-b928b85 elementor-align-center elementor-widget elementor-widget-heading\" data-id=\"b928b85\" data-element_type=\"widget\" data-e-type=\"widget\" data-widget_type=\"heading.default\">\n\t\t\t\t<div class=\"elementor-widget-container\">\n\t\t\t\t\t<div class=\"heading-decor\"><svg aria-hidden=\"true\" class=\"e-font-icon-svg e-fas-sun\" viewBox=\"0 0 512 512\" xmlns=\"http:\/\/www.w3.org\/2000\/svg\"><path d=\"M256 160c-52.9 0-96 43.1-96 96s43.1 96 96 96 96-43.1 96-96-43.1-96-96-96zm246.4 80.5l-94.7-47.3 33.5-100.4c4.5-13.6-8.4-26.5-21.9-21.9l-100.4 33.5-47.4-94.8c-6.4-12.8-24.6-12.8-31 0l-47.3 94.7L92.7 70.8c-13.6-4.5-26.5 8.4-21.9 21.9l33.5 100.4-94.7 47.4c-12.8 6.4-12.8 24.6 0 31l94.7 47.3-33.5 100.5c-4.5 13.6 8.4 26.5 21.9 21.9l100.4-33.5 47.3 94.7c6.4 12.8 24.6 12.8 31 0l47.3-94.7 100.4 33.5c13.6 4.5 26.5-8.4 21.9-21.9l-33.5-100.4 94.7-47.3c13-6.5 13-24.7.2-31.1zm-155.9 106c-49.9 49.9-131.1 49.9-181 0-49.9-49.9-49.9-131.1 0-181 49.9-49.9 131.1-49.9 181 0 49.9 49.9 49.9 131.1 0 181z\"><\/path><\/svg><\/div><span class=\"sub-title\">sun\u0131s kumk\u00f6y beach resort hotel & spa<\/span><h2 class=\"elementor-heading-title elementor-size-default\">President Suit (4-Ki\u015filik)<\/h2>\t\t\t\t<\/div>\n\t\t\t\t<\/div>\n\t\t\t\t\t<\/div>\n\t\t\t\t<\/div>\n\t\t<div class=\"elementor-element elementor-element-880549b e-flex e-con-boxed e-con e-parent\" data-id=\"880549b\" data-element_type=\"container\" data-e-type=\"container\">\n\t\t\t\t\t<div class=\"e-con-inner\">\n\t\t\t\t<div class=\"elementor-element elementor-element-9ad0085 elementor-arrows-position-inside elementor-pagination-position-outside elementor-widget elementor-widget-image-carousel\" data-id=\"9ad0085\" data-element_type=\"widget\" data-e-type=\"widget\" data-settings=\"{&quot;navigation&quot;:&quot;both&quot;,&quot;autoplay&quot;:&quot;yes&quot;,&quot;pause_on_hover&quot;:&quot;yes&quot;,&quot;pause_on_interaction&quot;:&quot;yes&quot;,&quot;autoplay_speed&quot;:5000,&quot;infinite&quot;:&quot;yes&quot;,&quot;speed&quot;:500}\" data-widget_type=\"image-carousel.default\">\n\t\t\t\t<div class=\"elementor-widget-container\">\n\t\t\t\t\t\t\t<div class=\"elementor-image-carousel-wrapper swiper\" role=\"region\" aria-roledescription=\"carousel\" aria-label=\"Resim D\u00f6ng\u00fcs\u00fc\" dir=\"ltr\">\n\t\t\t<div class=\"elementor-image-carousel swiper-wrapper\" aria-live=\"off\">\n\t\t\t\t\t\t\t\t<div class=\"swiper-slide\" role=\"group\" aria-roledescription=\"slide\" aria-label=\"1 \/ 7\"><figure class=\"swiper-slide-inner\"><img decoding=\"async\" class=\"swiper-slide-image\" src=\"https:\/\/www.kumkoybeachresort.com\/wp-content\/uploads\/2024\/11\/CTM9880-400x400-edit.png\" alt=\"CTM9880-400x400-edit\" \/><\/figure><\/div><div class=\"swiper-slide\" role=\"group\" aria-roledescription=\"slide\" aria-label=\"2 \/ 7\"><figure class=\"swiper-slide-inner\"><img decoding=\"async\" class=\"swiper-slide-image\" src=\"https:\/\/www.kumkoybeachresort.com\/wp-content\/uploads\/2024\/10\/CTM9863-400x400.jpg\" alt=\"_CTM9863\" \/><\/figure><\/div><div class=\"swiper-slide\" role=\"group\" aria-roledescription=\"slide\" aria-label=\"3 \/ 7\"><figure class=\"swiper-slide-inner\"><img decoding=\"async\" class=\"swiper-slide-image\" src=\"https:\/\/www.kumkoybeachresort.com\/wp-content\/uploads\/2024\/10\/CTM9858-400x400.jpg\" alt=\"_CTM9858\" \/><\/figure><\/div><div class=\"swiper-slide\" role=\"group\" aria-roledescription=\"slide\" aria-label=\"4 \/ 7\"><figure class=\"swiper-slide-inner\"><img decoding=\"async\" class=\"swiper-slide-image\" src=\"https:\/\/www.kumkoybeachresort.com\/wp-content\/uploads\/2024\/10\/CTM9853-400x400.jpg\" alt=\"_CTM9853\" \/><\/figure><\/div><div class=\"swiper-slide\" role=\"group\" aria-roledescription=\"slide\" aria-label=\"5 \/ 7\"><figure class=\"swiper-slide-inner\"><img decoding=\"async\" class=\"swiper-slide-image\" src=\"https:\/\/www.kumkoybeachresort.com\/wp-content\/uploads\/2024\/10\/CTM9844-400x400.jpg\" alt=\"_CTM9844\" \/><\/figure><\/div><div class=\"swiper-slide\" role=\"group\" aria-roledescription=\"slide\" aria-label=\"6 \/ 7\"><figure class=\"swiper-slide-inner\"><img decoding=\"async\" class=\"swiper-slide-image\" src=\"https:\/\/www.kumkoybeachresort.com\/wp-content\/uploads\/2024\/10\/CTM9839-400x400.jpg\" alt=\"_CTM9839\" \/><\/figure><\/div><div class=\"swiper-slide\" role=\"group\" aria-roledescription=\"slide\" aria-label=\"7 \/ 7\"><figure class=\"swiper-slide-inner\"><img decoding=\"async\" class=\"swiper-slide-image\" src=\"https:\/\/www.kumkoybeachresort.com\/wp-content\/uploads\/2024\/10\/CTM9835-1-400x400.jpg\" alt=\"_CTM9835\" \/><\/figure><\/div>\t\t\t<\/div>\n\t\t\t\t\t\t\t\t\t\t\t\t<div class=\"elementor-swiper-button elementor-swiper-button-prev\" role=\"button\" tabindex=\"0\">\n\t\t\t\t\t\t<svg aria-hidden=\"true\" class=\"e-font-icon-svg e-eicon-chevron-left\" viewBox=\"0 0 1000 1000\" xmlns=\"http:\/\/www.w3.org\/2000\/svg\"><path d=\"M646 125C629 125 613 133 604 142L308 442C296 454 292 471 292 487 292 504 296 521 308 533L604 854C617 867 629 875 646 875 663 875 679 871 692 858 704 846 713 829 713 812 713 796 708 779 692 767L438 487 692 225C700 217 708 204 708 187 708 171 704 154 692 142 675 129 663 125 646 125Z\"><\/path><\/svg>\t\t\t\t\t<\/div>\n\t\t\t\t\t<div class=\"elementor-swiper-button elementor-swiper-button-next\" role=\"button\" tabindex=\"0\">\n\t\t\t\t\t\t<svg aria-hidden=\"true\" class=\"e-font-icon-svg e-eicon-chevron-right\" viewBox=\"0 0 1000 1000\" xmlns=\"http:\/\/www.w3.org\/2000\/svg\"><path d=\"M696 533C708 521 713 504 713 487 713 471 708 454 696 446L400 146C388 133 375 125 354 125 338 125 325 129 313 142 300 154 292 171 292 187 292 204 296 221 308 233L563 492 304 771C292 783 288 800 288 817 288 833 296 850 308 863 321 871 338 875 354 875 371 875 388 867 400 854L696 533Z\"><\/path><\/svg>\t\t\t\t\t<\/div>\n\t\t\t\t\n\t\t\t\t\t\t\t\t\t<div class=\"swiper-pagination\"><\/div>\n\t\t\t\t\t\t\t\t\t<\/div>\n\t\t\t\t\t\t<\/div>\n\t\t\t\t<\/div>\n\t\t\t\t\t<\/div>\n\t\t\t\t<\/div>\n\t\t<div class=\"elementor-element elementor-element-9c64a25 e-flex e-con-boxed e-con e-parent\" data-id=\"9c64a25\" data-element_type=\"container\" data-e-type=\"container\">\n\t\t\t\t\t<div class=\"e-con-inner\">\n\t\t\t\t<div class=\"elementor-element elementor-element-3a142a0 elementor-widget elementor-widget-text-editor\" data-id=\"3a142a0\" data-element_type=\"widget\" data-e-type=\"widget\" data-widget_type=\"text-editor.default\">\n\t\t\t\t<div class=\"elementor-widget-container\">\n\t\t\t\t\t        <div class=\"elementor-text-editor elementor-clearfix\"><p class=\"\" data-start=\"188\" data-end=\"694\">President Suite odam\u0131z, 90 m\u00b2\u2019lik geni\u015f alan\u0131 ile iki yatak odas\u0131, tam donan\u0131ml\u0131 bir mutfak ve ferah bir oturma odas\u0131ndan olu\u015fur. Ebeveynler i\u00e7in b\u00fcy\u00fck bir \u00e7ift ki\u015filik yatak, \u00e7ocuklar veya ek misafirler i\u00e7in ise iki ayr\u0131 tek ki\u015filik yatak sunulmaktad\u0131r. Modern dizayn\u0131 ve fonksiyonel yap\u0131s\u0131yla, aileniz veya sevdiklerinizle keyifli anlar ya\u015fayaca\u011f\u0131n\u0131z geni\u015f bir oturma alan\u0131 sunar. Tam donan\u0131ml\u0131 mutfa\u011f\u0131 sayesinde diledi\u011finiz zaman kendi yemeklerinizi haz\u0131rlayabilir, kendinizi evinizde hissedebilirsiniz.<\/p><p class=\"\" data-start=\"696\" data-end=\"1025\">President Suite\u2019in en ayr\u0131cal\u0131kl\u0131 \u00f6zelliklerinden biri de geni\u015f teras\u0131d\u0131r. Burada Akdeniz\u2019in b\u00fcy\u00fcleyici manzaras\u0131nda g\u00fcn bat\u0131m\u0131n\u0131 izleyebilir, huzur dolu bir atmosferde unutulmaz anlar ya\u015fayabilirsiniz. Laminant parke zemin, balkon ve modern detaylarla dekore edilen bu \u00f6zel oda, konfor, zarafet ve i\u015flevselli\u011fi bir arada sunar.<\/p><p class=\"\" data-start=\"1027\" data-end=\"1250\">Sunis Kumk\u00f6y Beach Resort\u2019ta yer alan President Suite, hem aileler hem de geni\u015f konaklama alan\u0131 arayan \u00e7iftler i\u00e7in m\u00fckemmel bir tercihtir. Akdeniz\u2019in e\u015fsiz atmosferinde l\u00fcks ve konfor dolu bir tatil deneyimi sizi bekliyor.<\/p><\/div>\n        \t\t\t\t<\/div>\n\t\t\t\t<\/div>\n\t\t\t\t\t<\/div>\n\t\t\t\t<\/div>\n\t\t<div class=\"elementor-element elementor-element-f668618 e-flex e-con-boxed e-con e-parent\" data-id=\"f668618\" data-element_type=\"container\" data-e-type=\"container\">\n\t\t\t\t\t<div class=\"e-con-inner\">\n\t\t\t\t<div class=\"elementor-element elementor-element-74a73d7 elementor-align-center elementor-widget elementor-widget-heading\" data-id=\"74a73d7\" data-element_type=\"widget\" data-e-type=\"widget\" data-widget_type=\"heading.default\">\n\t\t\t\t<div class=\"elementor-widget-container\">\n\t\t\t\t\t<div class=\"heading-decor\"><i aria-hidden=\"true\" class=\"opal-icon- opal-icon-luxury-rooms\"><\/i><\/div><span class=\"sub-title\">Di\u011fer Suitlerimiz<\/span><h2 class=\"elementor-heading-title elementor-size-default\"><\/h2>\t\t\t\t<\/div>\n\t\t\t\t<\/div>\n\t\t\t\t\t<\/div>\n\t\t\t\t<\/div>\n\t\t<div class=\"elementor-element elementor-element-1e3a275 e-flex e-con-boxed e-con e-parent\" data-id=\"1e3a275\" data-element_type=\"container\" data-e-type=\"container\">\n\t\t\t\t\t<div class=\"e-con-inner\">\n\t\t<div class=\"elementor-element elementor-element-56f48cd e-con-full e-flex e-con e-child\" data-id=\"56f48cd\" data-element_type=\"container\" data-e-type=\"container\">\n\t\t\t\t<div class=\"elementor-element elementor-element-7a2fa73 elementor-align-center elementor-button-primary elementor-widget elementor-widget-button\" data-id=\"7a2fa73\" data-element_type=\"widget\" data-e-type=\"widget\" data-widget_type=\"button.default\">\n\t\t\t\t<div class=\"elementor-widget-container\">\n\t\t\t\t\t        <div class=\"elementor-button-wrapper\">\n            <a href=\"https:\/\/www.kumkoybeachresort.com\/index.php\/suit-4-kisilik\/\" class=\"elementor-button-link elementor-button elementor-size-md\" target=\"_blank\" role=\"button\">\n                        <span class=\"elementor-button-content-wrapper\">\n\t\t\t                <span class=\"elementor-button-icon elementor-align-icon-right\">\n\t\t\t\t<i class=\"opal-icon-long-arrow-right\" aria-hidden=\"true\"><\/i>\n\t\t\t<\/span>\n                        <span class=\"elementor-button-text\">suit<\/span>\n\t\t<\/span>\n\n\n                <\/a>\n        <\/div>\n        \t\t\t\t<\/div>\n\t\t\t\t<\/div>\n\t\t\t\t<\/div>\n\t\t<div class=\"elementor-element elementor-element-b36b453 e-con-full e-flex e-con e-child\" data-id=\"b36b453\" data-element_type=\"container\" data-e-type=\"container\">\n\t\t\t\t<div class=\"elementor-element elementor-element-e01d565 elementor-button-primary elementor-widget elementor-widget-button\" data-id=\"e01d565\" data-element_type=\"widget\" data-e-type=\"widget\" data-widget_type=\"button.default\">\n\t\t\t\t<div class=\"elementor-widget-container\">\n\t\t\t\t\t        <div class=\"elementor-button-wrapper\">\n            <a href=\"https:\/\/www.kumkoybeachresort.com\/index.php\/junior-suit-4-kisilik\/\" class=\"elementor-button-link elementor-button elementor-size-md\" target=\"_blank\" role=\"button\">\n                        <span class=\"elementor-button-content-wrapper\">\n\t\t\t                <span class=\"elementor-button-icon elementor-align-icon-right\">\n\t\t\t\t<i class=\"opal-icon-long-arrow-right\" aria-hidden=\"true\"><\/i>\n\t\t\t<\/span>\n                        <span class=\"elementor-button-text\">junior suit<\/span>\n\t\t<\/span>\n\n\n                <\/a>\n        <\/div>\n        \t\t\t\t<\/div>\n\t\t\t\t<\/div>\n\t\t\t\t<\/div>\n\t\t<div class=\"elementor-element elementor-element-a06d03e e-con-full e-flex e-con e-child\" data-id=\"a06d03e\" data-element_type=\"container\" data-e-type=\"container\">\n\t\t\t\t<div class=\"elementor-element elementor-element-d04a152 elementor-button-primary elementor-widget elementor-widget-button\" data-id=\"d04a152\" data-element_type=\"widget\" data-e-type=\"widget\" data-widget_type=\"button.default\">\n\t\t\t\t<div class=\"elementor-widget-container\">\n\t\t\t\t\t        <div class=\"elementor-button-wrapper\">\n            <a href=\"https:\/\/www.kumkoybeachresort.com\/index.php\/king-suit-4-kisilik\/\" class=\"elementor-button-link elementor-button elementor-size-md\" target=\"_blank\" role=\"button\">\n                        <span class=\"elementor-button-content-wrapper\">\n\t\t\t                <span class=\"elementor-button-icon elementor-align-icon-right\">\n\t\t\t\t<i class=\"opal-icon-long-arrow-right\" aria-hidden=\"true\"><\/i>\n\t\t\t<\/span>\n                        <span class=\"elementor-button-text\">king suit<\/span>\n\t\t<\/span>\n\n\n                <\/a>\n        <\/div>\n        \t\t\t\t<\/div>\n\t\t\t\t<\/div>\n\t\t\t\t<\/div>\n\t\t\t\t\t<\/div>\n\t\t\t\t<\/div>\n\t\t\t\t<\/div>\n\t\t","protected":false},"excerpt":{"rendered":"<p>sun\u0131s kumk\u00f6y beach resort hotel &#038; spa President Suit (4-Ki\u015filik) President Suite odam\u0131z, 90 m\u00b2\u2019lik geni\u015f alan\u0131 ile iki yatak odas\u0131, tam donan\u0131ml\u0131 bir mutfak ve ferah bir oturma odas\u0131ndan olu\u015fur. Ebeveynler i\u00e7in b\u00fcy\u00fck bir \u00e7ift ki\u015filik yatak, \u00e7ocuklar veya ek misafirler i\u00e7in ise iki ayr\u0131 tek ki\u015filik yatak sunulmaktad\u0131r. Modern dizayn\u0131 ve fonksiyonel yap\u0131s\u0131yla, &hellip; <span class=\"more-link-wrap\"><a href=\"https:\/\/www.kumkoybeachresort.com\/index.php\/president-suit-4-kisilik\/\" class=\"more-link\">Read More <span class=\"screen-reader-text\"> &#8220;President Suit (4-Ki\u015filik)&#8221;<\/span><\/a><\/span><\/p>\n","protected":false},"author":1,"featured_media":0,"parent":0,"menu_order":0,"comment_status":"closed","ping_status":"closed","template":"","meta":{"inline_featured_image":false,"footnotes":""},"class_list":["post-6616","page","type-page","status-publish","hentry"],"_links":{"self":[{"href":"https:\/\/www.kumkoybeachresort.com\/index.php\/wp-json\/wp\/v2\/pages\/6616","targetHints":{"allow":["GET"]}}],"collection":[{"href":"https:\/\/www.kumkoybeachresort.com\/index.php\/wp-json\/wp\/v2\/pages"}],"about":[{"href":"https:\/\/www.kumkoybeachresort.com\/index.php\/wp-json\/wp\/v2\/types\/page"}],"author":[{"embeddable":true,"href":"https:\/\/www.kumkoybeachresort.com\/index.php\/wp-json\/wp\/v2\/users\/1"}],"replies":[{"embeddable":true,"href":"https:\/\/www.kumkoybeachresort.com\/index.php\/wp-json\/wp\/v2\/comments?post=6616"}],"version-history":[{"count":26,"href":"https:\/\/www.kumkoybeachresort.com\/index.php\/wp-json\/wp\/v2\/pages\/6616\/revisions"}],"predecessor-version":[{"id":7421,"href":"https:\/\/www.kumkoybeachresort.com\/index.php\/wp-json\/wp\/v2\/pages\/6616\/revisions\/7421"}],"wp:attachment":[{"href":"https:\/\/www.kumkoybeachresort.com\/index.php\/wp-json\/wp\/v2\/media?parent=6616"}],"curies":[{"name":"wp","href":"https:\/\/api.w.org\/{rel}","templated":true}]}}