{"id":6443,"date":"2024-10-03T16:29:06","date_gmt":"2024-10-03T13:29:06","guid":{"rendered":"https:\/\/www.kumkoybeachresort.com\/?page_id=6443"},"modified":"2025-02-27T11:09:13","modified_gmt":"2025-02-27T08:09:13","slug":"golevi-deluxe-standart-oda","status":"publish","type":"page","link":"https:\/\/www.kumkoybeachresort.com\/index.php\/golevi-deluxe-standart-oda\/","title":{"rendered":"G\u00f6levi Deluxe Standart Oda"},"content":{"rendered":"\t\t<div data-elementor-type=\"wp-page\" data-elementor-id=\"6443\" class=\"elementor elementor-6443\">\n\t\t\t\t<div class=\"elementor-element elementor-element-c7aac28 e-flex e-con-boxed e-con e-parent\" data-id=\"c7aac28\" data-element_type=\"container\" data-e-type=\"container\">\n\t\t\t\t\t<div class=\"e-con-inner\">\n\t\t<div class=\"elementor-element elementor-element-e6cfc65 e-con-full e-flex e-con e-child\" data-id=\"e6cfc65\" data-element_type=\"container\" data-e-type=\"container\">\n\t\t\t\t<div class=\"elementor-element elementor-element-3be2883 elementor-align-center elementor-widget elementor-widget-heading\" data-id=\"3be2883\" data-element_type=\"widget\" data-e-type=\"widget\" data-widget_type=\"heading.default\">\n\t\t\t\t<div class=\"elementor-widget-container\">\n\t\t\t\t\t<div class=\"heading-decor\"><svg aria-hidden=\"true\" class=\"e-font-icon-svg e-fas-sun\" viewBox=\"0 0 512 512\" xmlns=\"http:\/\/www.w3.org\/2000\/svg\"><path d=\"M256 160c-52.9 0-96 43.1-96 96s43.1 96 96 96 96-43.1 96-96-43.1-96-96-96zm246.4 80.5l-94.7-47.3 33.5-100.4c4.5-13.6-8.4-26.5-21.9-21.9l-100.4 33.5-47.4-94.8c-6.4-12.8-24.6-12.8-31 0l-47.3 94.7L92.7 70.8c-13.6-4.5-26.5 8.4-21.9 21.9l33.5 100.4-94.7 47.4c-12.8 6.4-12.8 24.6 0 31l94.7 47.3-33.5 100.5c-4.5 13.6 8.4 26.5 21.9 21.9l100.4-33.5 47.3 94.7c6.4 12.8 24.6 12.8 31 0l47.3-94.7 100.4 33.5c13.6 4.5 26.5-8.4 21.9-21.9l-33.5-100.4 94.7-47.3c13-6.5 13-24.7.2-31.1zm-155.9 106c-49.9 49.9-131.1 49.9-181 0-49.9-49.9-49.9-131.1 0-181 49.9-49.9 131.1-49.9 181 0 49.9 49.9 49.9 131.1 0 181z\"><\/path><\/svg><\/div><span class=\"sub-title\">sun\u0131s kumk\u00f6y beach resort hotel & Spa<\/span><h2 class=\"elementor-heading-title elementor-size-default\">G\u00f6levi Deluxe Standart Oda (2-Ki\u015filik)<\/h2>\t\t\t\t<\/div>\n\t\t\t\t<\/div>\n\t\t\t\t<div class=\"elementor-element elementor-element-f1895c5 elementor-align-center elementor-widget elementor-widget-heading\" data-id=\"f1895c5\" data-element_type=\"widget\" data-e-type=\"widget\" data-widget_type=\"heading.default\">\n\t\t\t\t<div class=\"elementor-widget-container\">\n\t\t\t\t\t<span class=\"sub-title\">havuz manzaral\u0131 - 20 m\u00b2 <\/span><h2 class=\"elementor-heading-title elementor-size-default\"><\/h2>\t\t\t\t<\/div>\n\t\t\t\t<\/div>\n\t\t\t\t<\/div>\n\t\t\t\t\t<\/div>\n\t\t\t\t<\/div>\n\t\t<div class=\"elementor-element elementor-element-c0613fe e-flex e-con-boxed e-con e-parent\" data-id=\"c0613fe\" data-element_type=\"container\" data-e-type=\"container\">\n\t\t\t\t\t<div class=\"e-con-inner\">\n\t\t\t\t<div class=\"elementor-element elementor-element-7ce1816 elementor-arrows-position-inside elementor-pagination-position-outside elementor-widget elementor-widget-image-carousel\" data-id=\"7ce1816\" data-element_type=\"widget\" data-e-type=\"widget\" data-settings=\"{&quot;autoplay_speed&quot;:3000,&quot;speed&quot;:400,&quot;navigation&quot;:&quot;both&quot;,&quot;autoplay&quot;:&quot;yes&quot;,&quot;pause_on_hover&quot;:&quot;yes&quot;,&quot;pause_on_interaction&quot;:&quot;yes&quot;,&quot;infinite&quot;:&quot;yes&quot;}\" data-widget_type=\"image-carousel.default\">\n\t\t\t\t<div class=\"elementor-widget-container\">\n\t\t\t\t\t\t\t<div class=\"elementor-image-carousel-wrapper swiper\" role=\"region\" aria-roledescription=\"carousel\" aria-label=\"Resim D\u00f6ng\u00fcs\u00fc\" dir=\"ltr\">\n\t\t\t<div class=\"elementor-image-carousel swiper-wrapper\" aria-live=\"off\">\n\t\t\t\t\t\t\t\t<div class=\"swiper-slide\" role=\"group\" aria-roledescription=\"slide\" aria-label=\"1 \/ 3\"><figure class=\"swiper-slide-inner\"><img decoding=\"async\" class=\"swiper-slide-image\" src=\"https:\/\/www.kumkoybeachresort.com\/wp-content\/uploads\/2024\/10\/CTM9968-400x400.jpg\" alt=\"_CTM9968\" \/><\/figure><\/div><div class=\"swiper-slide\" role=\"group\" aria-roledescription=\"slide\" aria-label=\"2 \/ 3\"><figure class=\"swiper-slide-inner\"><img decoding=\"async\" class=\"swiper-slide-image\" src=\"https:\/\/www.kumkoybeachresort.com\/wp-content\/uploads\/2024\/10\/CTM9930-1-1-400x400.jpg\" alt=\"_CTM9930 (1)\" \/><\/figure><\/div><div class=\"swiper-slide\" role=\"group\" aria-roledescription=\"slide\" aria-label=\"3 \/ 3\"><figure class=\"swiper-slide-inner\"><img decoding=\"async\" class=\"swiper-slide-image\" src=\"https:\/\/www.kumkoybeachresort.com\/wp-content\/uploads\/2024\/10\/CTM9967-400x400.jpg\" alt=\"_CTM9967\" \/><\/figure><\/div>\t\t\t<\/div>\n\t\t\t\t\t\t\t\t\t\t\t\t<div class=\"elementor-swiper-button elementor-swiper-button-prev\" role=\"button\" tabindex=\"0\">\n\t\t\t\t\t\t<svg aria-hidden=\"true\" class=\"e-font-icon-svg e-eicon-chevron-left\" viewBox=\"0 0 1000 1000\" xmlns=\"http:\/\/www.w3.org\/2000\/svg\"><path d=\"M646 125C629 125 613 133 604 142L308 442C296 454 292 471 292 487 292 504 296 521 308 533L604 854C617 867 629 875 646 875 663 875 679 871 692 858 704 846 713 829 713 812 713 796 708 779 692 767L438 487 692 225C700 217 708 204 708 187 708 171 704 154 692 142 675 129 663 125 646 125Z\"><\/path><\/svg>\t\t\t\t\t<\/div>\n\t\t\t\t\t<div class=\"elementor-swiper-button elementor-swiper-button-next\" role=\"button\" tabindex=\"0\">\n\t\t\t\t\t\t<svg aria-hidden=\"true\" class=\"e-font-icon-svg e-eicon-chevron-right\" viewBox=\"0 0 1000 1000\" xmlns=\"http:\/\/www.w3.org\/2000\/svg\"><path d=\"M696 533C708 521 713 504 713 487 713 471 708 454 696 446L400 146C388 133 375 125 354 125 338 125 325 129 313 142 300 154 292 171 292 187 292 204 296 221 308 233L563 492 304 771C292 783 288 800 288 817 288 833 296 850 308 863 321 871 338 875 354 875 371 875 388 867 400 854L696 533Z\"><\/path><\/svg>\t\t\t\t\t<\/div>\n\t\t\t\t\n\t\t\t\t\t\t\t\t\t<div class=\"swiper-pagination\"><\/div>\n\t\t\t\t\t\t\t\t\t<\/div>\n\t\t\t\t\t\t<\/div>\n\t\t\t\t<\/div>\n\t\t\t\t\t<\/div>\n\t\t\t\t<\/div>\n\t\t<div class=\"elementor-element elementor-element-5d909ab e-flex e-con-boxed e-con e-parent\" data-id=\"5d909ab\" data-element_type=\"container\" data-e-type=\"container\">\n\t\t\t\t\t<div class=\"e-con-inner\">\n\t\t<div class=\"elementor-element elementor-element-b92d3d3 e-con-full e-flex e-con e-child\" data-id=\"b92d3d3\" data-element_type=\"container\" data-e-type=\"container\">\n\t\t\t\t<div class=\"elementor-element elementor-element-da68a07 elementor-widget elementor-widget-text-editor\" data-id=\"da68a07\" data-element_type=\"widget\" data-e-type=\"widget\" data-widget_type=\"text-editor.default\">\n\t\t\t\t<div class=\"elementor-widget-container\">\n\t\t\t\t\t        <div class=\"elementor-text-editor elementor-clearfix\"><p style=\"text-align: center;\"><span style=\"color: #000000;\">G\u00f6levi Deluxe Standart Odas\u0131 20 m\u00b2&#8217; dir. Konforlu ve ferah yap\u0131s\u0131 ile dikkat \u00e7eker. Misafirlerin t\u00fcm ihtiya\u00e7lar\u0131na cevap verecek \u015fekilde tasarlanan odalar, modern mobilyalar ve \u015f\u0131k bir dekorasyonla donat\u0131lm\u0131\u015ft\u0131r. Oda, misafirlerin tatil s\u00fcresince hem dinlenip hem de keyifli vakit ge\u00e7irmesine olanak tan\u0131r. 1 \u00e7ift ki\u015filik yatak vard\u0131r ve zemin seramiktir.\u00a0<\/span><\/p><p style=\"text-align: center;\"><span style=\"color: #000000;\">Odada bulunan merkezi klima, minibar, LCD TV, h\u0131zl\u0131 internet ba\u011flant\u0131s\u0131 gibi olanaklar, konforlu bir tatil i\u00e7in gerekli her \u015feyi sunar. Ayr\u0131ca banyodaki modern du\u015fakabin ve geni\u015f kullan\u0131m alan\u0131, ki\u015fisel rahatlama imk\u00e2n\u0131 sunar. T\u00fcm bu detaylar, G\u00f6levi Deluxe Standart Odas\u0131\u2019n\u0131n sundu\u011fu l\u00fcks\u00fc ve rahatl\u0131\u011f\u0131 vurgular. Ayr\u0131ca odalar\u0131n sundu\u011fu balkonunda sabah kahvenizi do\u011fan\u0131n g\u00fczellikleri e\u015fli\u011finde i\u00e7ebilece\u011finiz huzurlu bir alan yarat\u0131r.<\/span><\/p><\/div>\n        \t\t\t\t<\/div>\n\t\t\t\t<\/div>\n\t\t\t\t<\/div>\n\t\t\t\t\t<\/div>\n\t\t\t\t<\/div>\n\t\t<div class=\"elementor-element elementor-element-7ba907b e-flex e-con-boxed e-con e-parent\" data-id=\"7ba907b\" data-element_type=\"container\" data-e-type=\"container\">\n\t\t\t\t\t<div class=\"e-con-inner\">\n\t\t\t\t<div class=\"elementor-element elementor-element-23c7aa4 elementor-align-center elementor-widget elementor-widget-heading\" data-id=\"23c7aa4\" data-element_type=\"widget\" data-e-type=\"widget\" data-widget_type=\"heading.default\">\n\t\t\t\t<div class=\"elementor-widget-container\">\n\t\t\t\t\t<div class=\"heading-decor\"><i aria-hidden=\"true\" class=\"opal-icon- opal-icon-luxury-rooms\"><\/i><\/div><span class=\"sub-title\">Di\u011fer g\u00f6levi deluxe odalar\u0131m\u0131z<\/span><h2 class=\"elementor-heading-title elementor-size-default\"><\/h2>\t\t\t\t<\/div>\n\t\t\t\t<\/div>\n\t\t\t\t\t<\/div>\n\t\t\t\t<\/div>\n\t\t<div class=\"elementor-element elementor-element-7c1cbc1 e-flex e-con-boxed e-con e-parent\" data-id=\"7c1cbc1\" data-element_type=\"container\" data-e-type=\"container\">\n\t\t\t\t\t<div class=\"e-con-inner\">\n\t\t<div class=\"elementor-element elementor-element-75d8312 e-con-full e-flex e-con e-child\" data-id=\"75d8312\" data-element_type=\"container\" data-e-type=\"container\">\n\t\t\t\t<div class=\"elementor-element elementor-element-562ad8b elementor-align-center elementor-button-primary elementor-widget elementor-widget-button\" data-id=\"562ad8b\" data-element_type=\"widget\" data-e-type=\"widget\" data-widget_type=\"button.default\">\n\t\t\t\t<div class=\"elementor-widget-container\">\n\t\t\t\t\t        <div class=\"elementor-button-wrapper\">\n            <a href=\"https:\/\/www.kumkoybeachresort.com\/index.php\/golevi-deluxe-ekonomi\/\" class=\"elementor-button-link elementor-button elementor-size-md\" target=\"_blank\" role=\"button\">\n                        <span class=\"elementor-button-content-wrapper\">\n\t\t\t                <span class=\"elementor-button-icon elementor-align-icon-right\">\n\t\t\t\t<i class=\"opal-icon-long-arrow-right\" aria-hidden=\"true\"><\/i>\n\t\t\t<\/span>\n                        <span class=\"elementor-button-text\">G\u00f6levi deluxe ekonomi oda<\/span>\n\t\t<\/span>\n\n\n                <\/a>\n        <\/div>\n        \t\t\t\t<\/div>\n\t\t\t\t<\/div>\n\t\t\t\t<\/div>\n\t\t<div class=\"elementor-element elementor-element-fd6ce1b e-con-full e-flex e-con e-child\" data-id=\"fd6ce1b\" data-element_type=\"container\" data-e-type=\"container\">\n\t\t\t\t<div class=\"elementor-element elementor-element-7287dfb elementor-align-center elementor-button-primary elementor-widget elementor-widget-button\" data-id=\"7287dfb\" data-element_type=\"widget\" data-e-type=\"widget\" data-widget_type=\"button.default\">\n\t\t\t\t<div class=\"elementor-widget-container\">\n\t\t\t\t\t        <div class=\"elementor-button-wrapper\">\n            <a href=\"https:\/\/www.kumkoybeachresort.com\/index.php\/golevi-deluxe-aile-odasi\/\" class=\"elementor-button-link elementor-button elementor-size-md\" target=\"_blank\" role=\"button\">\n                        <span class=\"elementor-button-content-wrapper\">\n\t\t\t                <span class=\"elementor-button-icon elementor-align-icon-right\">\n\t\t\t\t<i class=\"opal-icon-long-arrow-right\" aria-hidden=\"true\"><\/i>\n\t\t\t<\/span>\n                        <span class=\"elementor-button-text\">g\u00f6levi deluxe aile odas\u0131<\/span>\n\t\t<\/span>\n\n\n                <\/a>\n        <\/div>\n        \t\t\t\t<\/div>\n\t\t\t\t<\/div>\n\t\t\t\t<\/div>\n\t\t<div class=\"elementor-element elementor-element-06c0111 e-con-full e-flex e-con e-child\" data-id=\"06c0111\" data-element_type=\"container\" data-e-type=\"container\">\n\t\t\t\t<div class=\"elementor-element elementor-element-bb2e0d9 elementor-align-center elementor-button-primary elementor-widget elementor-widget-button\" data-id=\"bb2e0d9\" data-element_type=\"widget\" data-e-type=\"widget\" data-widget_type=\"button.default\">\n\t\t\t\t<div class=\"elementor-widget-container\">\n\t\t\t\t\t        <div class=\"elementor-button-wrapper\">\n            <a href=\"https:\/\/www.kumkoybeachresort.com\/index.php\/golevi-zemin-deluxe-aile-odasi\/\" class=\"elementor-button-link elementor-button elementor-size-md\" target=\"_blank\" role=\"button\">\n                        <span class=\"elementor-button-content-wrapper\">\n\t\t\t                <span class=\"elementor-button-icon elementor-align-icon-right\">\n\t\t\t\t<i class=\"opal-icon-long-arrow-right\" aria-hidden=\"true\"><\/i>\n\t\t\t<\/span>\n                        <span class=\"elementor-button-text\">g\u00f6levi zemin deluxe Aile<\/span>\n\t\t<\/span>\n\n\n                <\/a>\n        <\/div>\n        \t\t\t\t<\/div>\n\t\t\t\t<\/div>\n\t\t\t\t<\/div>\n\t\t\t\t\t<\/div>\n\t\t\t\t<\/div>\n\t\t\t\t<\/div>\n\t\t","protected":false},"excerpt":{"rendered":"<p>sun\u0131s kumk\u00f6y beach resort hotel &#038; Spa G\u00f6levi Deluxe Standart Oda (2-Ki\u015filik) havuz manzaral\u0131 &#8211; 20 m\u00b2 G\u00f6levi Deluxe Standart Odas\u0131 20 m\u00b2&#8217; dir. Konforlu ve ferah yap\u0131s\u0131 ile dikkat \u00e7eker. Misafirlerin t\u00fcm ihtiya\u00e7lar\u0131na cevap verecek \u015fekilde tasarlanan odalar, modern mobilyalar ve \u015f\u0131k bir dekorasyonla donat\u0131lm\u0131\u015ft\u0131r. Oda, misafirlerin tatil s\u00fcresince hem dinlenip hem de keyifli &hellip; <span class=\"more-link-wrap\"><a href=\"https:\/\/www.kumkoybeachresort.com\/index.php\/golevi-deluxe-standart-oda\/\" class=\"more-link\">Read More <span class=\"screen-reader-text\"> &#8220;G\u00f6levi Deluxe Standart Oda&#8221;<\/span><\/a><\/span><\/p>\n","protected":false},"author":1,"featured_media":0,"parent":0,"menu_order":0,"comment_status":"closed","ping_status":"closed","template":"","meta":{"inline_featured_image":false,"footnotes":""},"class_list":["post-6443","page","type-page","status-publish","hentry"],"_links":{"self":[{"href":"https:\/\/www.kumkoybeachresort.com\/index.php\/wp-json\/wp\/v2\/pages\/6443","targetHints":{"allow":["GET"]}}],"collection":[{"href":"https:\/\/www.kumkoybeachresort.com\/index.php\/wp-json\/wp\/v2\/pages"}],"about":[{"href":"https:\/\/www.kumkoybeachresort.com\/index.php\/wp-json\/wp\/v2\/types\/page"}],"author":[{"embeddable":true,"href":"https:\/\/www.kumkoybeachresort.com\/index.php\/wp-json\/wp\/v2\/users\/1"}],"replies":[{"embeddable":true,"href":"https:\/\/www.kumkoybeachresort.com\/index.php\/wp-json\/wp\/v2\/comments?post=6443"}],"version-history":[{"count":53,"href":"https:\/\/www.kumkoybeachresort.com\/index.php\/wp-json\/wp\/v2\/pages\/6443\/revisions"}],"predecessor-version":[{"id":7270,"href":"https:\/\/www.kumkoybeachresort.com\/index.php\/wp-json\/wp\/v2\/pages\/6443\/revisions\/7270"}],"wp:attachment":[{"href":"https:\/\/www.kumkoybeachresort.com\/index.php\/wp-json\/wp\/v2\/media?parent=6443"}],"curies":[{"name":"wp","href":"https:\/\/api.w.org\/{rel}","templated":true}]}}