{"id":6428,"date":"2024-10-03T16:14:33","date_gmt":"2024-10-03T13:14:33","guid":{"rendered":"https:\/\/www.kumkoybeachresort.com\/?page_id=6428"},"modified":"2025-04-23T15:05:05","modified_gmt":"2025-04-23T12:05:05","slug":"engelli-odasi-2-kisilik","status":"publish","type":"page","link":"https:\/\/www.kumkoybeachresort.com\/index.php\/engelli-odasi-2-kisilik\/","title":{"rendered":"Engelli Odas\u0131 (2-Ki\u015filik)"},"content":{"rendered":"\t\t<div data-elementor-type=\"wp-page\" data-elementor-id=\"6428\" class=\"elementor elementor-6428\">\n\t\t\t\t<div class=\"elementor-element elementor-element-f27702c e-flex e-con-boxed e-con e-parent\" data-id=\"f27702c\" data-element_type=\"container\" data-e-type=\"container\">\n\t\t\t\t\t<div class=\"e-con-inner\">\n\t\t<div class=\"elementor-element elementor-element-e8bd097 e-con-full e-flex e-con e-child\" data-id=\"e8bd097\" data-element_type=\"container\" data-e-type=\"container\">\n\t\t\t\t<div class=\"elementor-element elementor-element-01333a3 elementor-align-center elementor-widget elementor-widget-heading\" data-id=\"01333a3\" data-element_type=\"widget\" data-e-type=\"widget\" data-widget_type=\"heading.default\">\n\t\t\t\t<div class=\"elementor-widget-container\">\n\t\t\t\t\t<div class=\"heading-decor\"><svg aria-hidden=\"true\" class=\"e-font-icon-svg e-fas-sun\" viewBox=\"0 0 512 512\" xmlns=\"http:\/\/www.w3.org\/2000\/svg\"><path d=\"M256 160c-52.9 0-96 43.1-96 96s43.1 96 96 96 96-43.1 96-96-43.1-96-96-96zm246.4 80.5l-94.7-47.3 33.5-100.4c4.5-13.6-8.4-26.5-21.9-21.9l-100.4 33.5-47.4-94.8c-6.4-12.8-24.6-12.8-31 0l-47.3 94.7L92.7 70.8c-13.6-4.5-26.5 8.4-21.9 21.9l33.5 100.4-94.7 47.4c-12.8 6.4-12.8 24.6 0 31l94.7 47.3-33.5 100.5c-4.5 13.6 8.4 26.5 21.9 21.9l100.4-33.5 47.3 94.7c6.4 12.8 24.6 12.8 31 0l47.3-94.7 100.4 33.5c13.6 4.5 26.5-8.4 21.9-21.9l-33.5-100.4 94.7-47.3c13-6.5 13-24.7.2-31.1zm-155.9 106c-49.9 49.9-131.1 49.9-181 0-49.9-49.9-49.9-131.1 0-181 49.9-49.9 131.1-49.9 181 0 49.9 49.9 49.9 131.1 0 181z\"><\/path><\/svg><\/div><span class=\"sub-title\">sun\u0131s kumk\u00f6y beach resort hotel & spa<\/span><h2 class=\"elementor-heading-title elementor-size-default\">Engelli Odas\u0131 (2-Ki\u015filik)<\/h2>\t\t\t\t<\/div>\n\t\t\t\t<\/div>\n\t\t\t\t<div class=\"elementor-element elementor-element-ce139e4 elementor-align-center elementor-widget elementor-widget-heading\" data-id=\"ce139e4\" data-element_type=\"widget\" data-e-type=\"widget\" data-widget_type=\"heading.default\">\n\t\t\t\t<div class=\"elementor-widget-container\">\n\t\t\t\t\t<span class=\"sub-title\">cadde- bah\u00e7e manzaral\u0131 se\u00e7enekleri<\/span><h2 class=\"elementor-heading-title elementor-size-default\"><\/h2>\t\t\t\t<\/div>\n\t\t\t\t<\/div>\n\t\t\t\t<\/div>\n\t\t\t\t\t<\/div>\n\t\t\t\t<\/div>\n\t\t<div class=\"elementor-element elementor-element-0e98421 e-flex e-con-boxed e-con e-parent\" data-id=\"0e98421\" data-element_type=\"container\" data-e-type=\"container\">\n\t\t\t\t\t<div class=\"e-con-inner\">\n\t\t\t\t<div class=\"elementor-element elementor-element-54604db elementor-arrows-position-inside elementor-pagination-position-outside elementor-widget elementor-widget-image-carousel\" data-id=\"54604db\" data-element_type=\"widget\" data-e-type=\"widget\" data-settings=\"{&quot;autoplay_speed&quot;:3000,&quot;speed&quot;:400,&quot;navigation&quot;:&quot;both&quot;,&quot;autoplay&quot;:&quot;yes&quot;,&quot;pause_on_hover&quot;:&quot;yes&quot;,&quot;pause_on_interaction&quot;:&quot;yes&quot;,&quot;infinite&quot;:&quot;yes&quot;}\" data-widget_type=\"image-carousel.default\">\n\t\t\t\t<div class=\"elementor-widget-container\">\n\t\t\t\t\t\t\t<div class=\"elementor-image-carousel-wrapper swiper\" role=\"region\" aria-roledescription=\"carousel\" aria-label=\"Resim D\u00f6ng\u00fcs\u00fc\" dir=\"ltr\">\n\t\t\t<div class=\"elementor-image-carousel swiper-wrapper\" aria-live=\"off\">\n\t\t\t\t\t\t\t\t<div class=\"swiper-slide\" role=\"group\" aria-roledescription=\"slide\" aria-label=\"1 \/ 5\"><figure class=\"swiper-slide-inner\"><img decoding=\"async\" class=\"swiper-slide-image\" src=\"https:\/\/www.kumkoybeachresort.com\/wp-content\/uploads\/2024\/10\/CTM9695-1-400x400.jpg\" alt=\"_CTM9695\" \/><\/figure><\/div><div class=\"swiper-slide\" role=\"group\" aria-roledescription=\"slide\" aria-label=\"2 \/ 5\"><figure class=\"swiper-slide-inner\"><img decoding=\"async\" class=\"swiper-slide-image\" src=\"https:\/\/www.kumkoybeachresort.com\/wp-content\/uploads\/2024\/10\/CTM9705-1-400x400.jpg\" alt=\"_CTM9705\" \/><\/figure><\/div><div class=\"swiper-slide\" role=\"group\" aria-roledescription=\"slide\" aria-label=\"3 \/ 5\"><figure class=\"swiper-slide-inner\"><img decoding=\"async\" class=\"swiper-slide-image\" src=\"https:\/\/www.kumkoybeachresort.com\/wp-content\/uploads\/2024\/10\/CTM9696-1-400x400.jpg\" alt=\"_CTM9696\" \/><\/figure><\/div><div class=\"swiper-slide\" role=\"group\" aria-roledescription=\"slide\" aria-label=\"4 \/ 5\"><figure class=\"swiper-slide-inner\"><img decoding=\"async\" class=\"swiper-slide-image\" src=\"https:\/\/www.kumkoybeachresort.com\/wp-content\/uploads\/2024\/10\/CTM9711-1-400x400.jpg\" alt=\"_CTM9711\" \/><\/figure><\/div><div class=\"swiper-slide\" role=\"group\" aria-roledescription=\"slide\" aria-label=\"5 \/ 5\"><figure class=\"swiper-slide-inner\"><img decoding=\"async\" class=\"swiper-slide-image\" src=\"https:\/\/www.kumkoybeachresort.com\/wp-content\/uploads\/2024\/10\/CTM9699-1-400x400.jpg\" alt=\"_CTM9699\" \/><\/figure><\/div>\t\t\t<\/div>\n\t\t\t\t\t\t\t\t\t\t\t\t<div class=\"elementor-swiper-button elementor-swiper-button-prev\" role=\"button\" tabindex=\"0\">\n\t\t\t\t\t\t<svg aria-hidden=\"true\" class=\"e-font-icon-svg e-eicon-chevron-left\" viewBox=\"0 0 1000 1000\" xmlns=\"http:\/\/www.w3.org\/2000\/svg\"><path d=\"M646 125C629 125 613 133 604 142L308 442C296 454 292 471 292 487 292 504 296 521 308 533L604 854C617 867 629 875 646 875 663 875 679 871 692 858 704 846 713 829 713 812 713 796 708 779 692 767L438 487 692 225C700 217 708 204 708 187 708 171 704 154 692 142 675 129 663 125 646 125Z\"><\/path><\/svg>\t\t\t\t\t<\/div>\n\t\t\t\t\t<div class=\"elementor-swiper-button elementor-swiper-button-next\" role=\"button\" tabindex=\"0\">\n\t\t\t\t\t\t<svg aria-hidden=\"true\" class=\"e-font-icon-svg e-eicon-chevron-right\" viewBox=\"0 0 1000 1000\" xmlns=\"http:\/\/www.w3.org\/2000\/svg\"><path d=\"M696 533C708 521 713 504 713 487 713 471 708 454 696 446L400 146C388 133 375 125 354 125 338 125 325 129 313 142 300 154 292 171 292 187 292 204 296 221 308 233L563 492 304 771C292 783 288 800 288 817 288 833 296 850 308 863 321 871 338 875 354 875 371 875 388 867 400 854L696 533Z\"><\/path><\/svg>\t\t\t\t\t<\/div>\n\t\t\t\t\n\t\t\t\t\t\t\t\t\t<div class=\"swiper-pagination\"><\/div>\n\t\t\t\t\t\t\t\t\t<\/div>\n\t\t\t\t\t\t<\/div>\n\t\t\t\t<\/div>\n\t\t\t\t\t<\/div>\n\t\t\t\t<\/div>\n\t\t<div class=\"elementor-element elementor-element-fd66790 e-flex e-con-boxed e-con e-parent\" data-id=\"fd66790\" data-element_type=\"container\" data-e-type=\"container\">\n\t\t\t\t\t<div class=\"e-con-inner\">\n\t\t<div class=\"elementor-element elementor-element-dddfbbb e-con-full e-flex e-con e-child\" data-id=\"dddfbbb\" data-element_type=\"container\" data-e-type=\"container\">\n\t\t\t\t<div class=\"elementor-element elementor-element-6196f08 elementor-widget elementor-widget-text-editor\" data-id=\"6196f08\" data-element_type=\"widget\" data-e-type=\"widget\" data-widget_type=\"text-editor.default\">\n\t\t\t\t<div class=\"elementor-widget-container\">\n\t\t\t\t\t        <div class=\"elementor-text-editor elementor-clearfix\"><p class=\"\" data-start=\"103\" data-end=\"471\">27 m\u00b2 b\u00fcy\u00fckl\u00fc\u011f\u00fcndeki engelli odalar\u0131m\u0131z, misafirlerimizin ihtiya\u00e7lar\u0131na uygun olarak geni\u015f kap\u0131lar ve rahat\u00e7a hareket edilebilecek ferah bir ya\u015fam alan\u0131 sunar. Laminant parke zemin ve balkonun e\u015flik etti\u011fi odalarda, her detay konforunuz i\u00e7in \u00f6zenle tasarlanm\u0131\u015ft\u0131r. Banyolar ise \u00f6zel tutunma barlar\u0131, geni\u015f du\u015f alan\u0131 ve tekerlekli sandalye dostu yap\u0131s\u0131yla dikkat \u00e7eker.<\/p><p class=\"\" data-start=\"473\" data-end=\"728\">Kumk\u00f6y Beach Resort\u2019un engelli odalar\u0131, herkesin tatil keyfini e\u015fit \u015fekilde ya\u015fayabilmesi i\u00e7in eri\u015filebilirlik ve fonksiyonelli\u011fi bir arada sunar. Maksimum rahatl\u0131k ve kolayl\u0131k sa\u011flayan bu odalarda, g\u00fcvenli ve keyifli bir konaklama deneyimi sizi bekliyor.<\/p><\/div>\n        \t\t\t\t<\/div>\n\t\t\t\t<\/div>\n\t\t\t\t<\/div>\n\t\t\t\t\t<\/div>\n\t\t\t\t<\/div>\n\t\t<div class=\"elementor-element elementor-element-737cf92 e-flex e-con-boxed e-con e-parent\" data-id=\"737cf92\" data-element_type=\"container\" data-e-type=\"container\">\n\t\t\t\t\t<div class=\"e-con-inner\">\n\t\t\t\t<div class=\"elementor-element elementor-element-4a8b217 elementor-align-center elementor-widget elementor-widget-heading\" data-id=\"4a8b217\" data-element_type=\"widget\" data-e-type=\"widget\" data-widget_type=\"heading.default\">\n\t\t\t\t<div class=\"elementor-widget-container\">\n\t\t\t\t\t<div class=\"heading-decor\"><i aria-hidden=\"true\" class=\"opal-icon- opal-icon-luxury-rooms\"><\/i><\/div><span class=\"sub-title\">Di\u011fer Odalar & Suitler<\/span><h2 class=\"elementor-heading-title elementor-size-default\"><\/h2>\t\t\t\t<\/div>\n\t\t\t\t<\/div>\n\t\t\t\t\t<\/div>\n\t\t\t\t<\/div>\n\t\t<div class=\"elementor-element elementor-element-f22eaa6 e-flex e-con-boxed e-con e-parent\" data-id=\"f22eaa6\" data-element_type=\"container\" data-e-type=\"container\">\n\t\t\t\t\t<div class=\"e-con-inner\">\n\t\t<div class=\"elementor-element elementor-element-d95d805 e-con-full e-flex e-con e-child\" data-id=\"d95d805\" data-element_type=\"container\" data-e-type=\"container\">\n\t\t\t\t<div class=\"elementor-element elementor-element-19746e6 elementor-align-center elementor-button-primary elementor-widget elementor-widget-button\" data-id=\"19746e6\" data-element_type=\"widget\" data-e-type=\"widget\" data-widget_type=\"button.default\">\n\t\t\t\t<div class=\"elementor-widget-container\">\n\t\t\t\t\t        <div class=\"elementor-button-wrapper\">\n            <a href=\"https:\/\/www.kumkoybeachresort.com\/index.php\/standart-oda-3-kisilik\/\" class=\"elementor-button-link elementor-button elementor-size-md\" target=\"_blank\" role=\"button\">\n                        <span class=\"elementor-button-content-wrapper\">\n\t\t\t                <span class=\"elementor-button-icon elementor-align-icon-right\">\n\t\t\t\t<i class=\"opal-icon-long-arrow-right\" aria-hidden=\"true\"><\/i>\n\t\t\t<\/span>\n                        <span class=\"elementor-button-text\">standart oda<\/span>\n\t\t<\/span>\n\n\n                <\/a>\n        <\/div>\n        \t\t\t\t<\/div>\n\t\t\t\t<\/div>\n\t\t\t\t<\/div>\n\t\t<div class=\"elementor-element elementor-element-d6076e2 e-con-full e-flex e-con e-child\" data-id=\"d6076e2\" data-element_type=\"container\" data-e-type=\"container\">\n\t\t\t\t<div class=\"elementor-element elementor-element-ad47cac elementor-align-center elementor-button-primary elementor-widget elementor-widget-button\" data-id=\"ad47cac\" data-element_type=\"widget\" data-e-type=\"widget\" data-widget_type=\"button.default\">\n\t\t\t\t<div class=\"elementor-widget-container\">\n\t\t\t\t\t        <div class=\"elementor-button-wrapper\">\n            <a href=\"https:\/\/www.kumkoybeachresort.com\/index.php\/aile-odasi-4-kisilik\/\" class=\"elementor-button-link elementor-button elementor-size-md\" target=\"_blank\" role=\"button\">\n                        <span class=\"elementor-button-content-wrapper\">\n\t\t\t                <span class=\"elementor-button-icon elementor-align-icon-right\">\n\t\t\t\t<i class=\"opal-icon-long-arrow-right\" aria-hidden=\"true\"><\/i>\n\t\t\t<\/span>\n                        <span class=\"elementor-button-text\">Aile odas\u0131 c<\/span>\n\t\t<\/span>\n\n\n                <\/a>\n        <\/div>\n        \t\t\t\t<\/div>\n\t\t\t\t<\/div>\n\t\t\t\t<\/div>\n\t\t<div class=\"elementor-element elementor-element-857675f e-con-full e-flex e-con e-child\" data-id=\"857675f\" data-element_type=\"container\" data-e-type=\"container\">\n\t\t\t\t<div class=\"elementor-element elementor-element-0904e44 elementor-button-primary elementor-widget elementor-widget-button\" data-id=\"0904e44\" data-element_type=\"widget\" data-e-type=\"widget\" data-widget_type=\"button.default\">\n\t\t\t\t<div class=\"elementor-widget-container\">\n\t\t\t\t\t        <div class=\"elementor-button-wrapper\">\n            <a href=\"https:\/\/www.kumkoybeachresort.com\/index.php\/suit-4-kisilik\/\" class=\"elementor-button-link elementor-button elementor-size-md\" target=\"_blank\" role=\"button\">\n                        <span class=\"elementor-button-content-wrapper\">\n\t\t\t                <span class=\"elementor-button-icon elementor-align-icon-right\">\n\t\t\t\t<i class=\"opal-icon-long-arrow-right\" aria-hidden=\"true\"><\/i>\n\t\t\t<\/span>\n                        <span class=\"elementor-button-text\">suit oda<\/span>\n\t\t<\/span>\n\n\n                <\/a>\n        <\/div>\n        \t\t\t\t<\/div>\n\t\t\t\t<\/div>\n\t\t\t\t<\/div>\n\t\t<div class=\"elementor-element elementor-element-4124099 e-con-full e-flex e-con e-child\" data-id=\"4124099\" data-element_type=\"container\" data-e-type=\"container\">\n\t\t\t\t<div class=\"elementor-element elementor-element-8e95ef8 elementor-button-primary elementor-widget elementor-widget-button\" data-id=\"8e95ef8\" data-element_type=\"widget\" data-e-type=\"widget\" data-widget_type=\"button.default\">\n\t\t\t\t<div class=\"elementor-widget-container\">\n\t\t\t\t\t        <div class=\"elementor-button-wrapper\">\n            <a href=\"https:\/\/www.kumkoybeachresort.com\/index.php\/junior-suit-4-kisilik\/\" class=\"elementor-button-link elementor-button elementor-size-md\" target=\"_blank\" role=\"button\">\n                        <span class=\"elementor-button-content-wrapper\">\n\t\t\t                <span class=\"elementor-button-icon elementor-align-icon-right\">\n\t\t\t\t<i class=\"opal-icon-long-arrow-right\" aria-hidden=\"true\"><\/i>\n\t\t\t<\/span>\n                        <span class=\"elementor-button-text\">junior suit<\/span>\n\t\t<\/span>\n\n\n                <\/a>\n        <\/div>\n        \t\t\t\t<\/div>\n\t\t\t\t<\/div>\n\t\t\t\t<\/div>\n\t\t\t\t\t<\/div>\n\t\t\t\t<\/div>\n\t\t<div class=\"elementor-element elementor-element-2102830 e-flex e-con-boxed e-con e-parent\" data-id=\"2102830\" data-element_type=\"container\" data-e-type=\"container\">\n\t\t\t\t\t<div class=\"e-con-inner\">\n\t\t<div class=\"elementor-element elementor-element-af3f05a e-con-full e-flex e-con e-child\" data-id=\"af3f05a\" data-element_type=\"container\" data-e-type=\"container\">\n\t\t\t\t<\/div>\n\t\t<div class=\"elementor-element elementor-element-1c08c52 e-con-full e-flex e-con e-child\" data-id=\"1c08c52\" data-element_type=\"container\" data-e-type=\"container\">\n\t\t\t\t<div class=\"elementor-element elementor-element-e444c2c elementor-align-center elementor-button-primary elementor-widget elementor-widget-button\" data-id=\"e444c2c\" data-element_type=\"widget\" data-e-type=\"widget\" data-widget_type=\"button.default\">\n\t\t\t\t<div class=\"elementor-widget-container\">\n\t\t\t\t\t        <div class=\"elementor-button-wrapper\">\n            <a href=\"https:\/\/www.kumkoybeachresort.com\/index.php\/king-suit-4-kisilik\/\" class=\"elementor-button-link elementor-button elementor-size-md\" target=\"_blank\" role=\"button\">\n                        <span class=\"elementor-button-content-wrapper\">\n\t\t\t                <span class=\"elementor-button-icon elementor-align-icon-right\">\n\t\t\t\t<i class=\"opal-icon-long-arrow-right\" aria-hidden=\"true\"><\/i>\n\t\t\t<\/span>\n                        <span class=\"elementor-button-text\">king suit<\/span>\n\t\t<\/span>\n\n\n                <\/a>\n        <\/div>\n        \t\t\t\t<\/div>\n\t\t\t\t<\/div>\n\t\t\t\t<\/div>\n\t\t<div class=\"elementor-element elementor-element-15dad14 e-con-full e-flex e-con e-child\" data-id=\"15dad14\" data-element_type=\"container\" data-e-type=\"container\">\n\t\t\t\t<\/div>\n\t\t\t\t\t<\/div>\n\t\t\t\t<\/div>\n\t\t\t\t<\/div>\n\t\t","protected":false},"excerpt":{"rendered":"<p>sun\u0131s kumk\u00f6y beach resort hotel &#038; spa Engelli Odas\u0131 (2-Ki\u015filik) cadde- bah\u00e7e manzaral\u0131 se\u00e7enekleri 27 m\u00b2 b\u00fcy\u00fckl\u00fc\u011f\u00fcndeki engelli odalar\u0131m\u0131z, misafirlerimizin ihtiya\u00e7lar\u0131na uygun olarak geni\u015f kap\u0131lar ve rahat\u00e7a hareket edilebilecek ferah bir ya\u015fam alan\u0131 sunar. Laminant parke zemin ve balkonun e\u015flik etti\u011fi odalarda, her detay konforunuz i\u00e7in \u00f6zenle tasarlanm\u0131\u015ft\u0131r. Banyolar ise \u00f6zel tutunma barlar\u0131, geni\u015f du\u015f &hellip; <span class=\"more-link-wrap\"><a href=\"https:\/\/www.kumkoybeachresort.com\/index.php\/engelli-odasi-2-kisilik\/\" class=\"more-link\">Read More <span class=\"screen-reader-text\"> &#8220;Engelli Odas\u0131 (2-Ki\u015filik)&#8221;<\/span><\/a><\/span><\/p>\n","protected":false},"author":1,"featured_media":0,"parent":0,"menu_order":0,"comment_status":"closed","ping_status":"closed","template":"","meta":{"inline_featured_image":false,"footnotes":""},"class_list":["post-6428","page","type-page","status-publish","hentry"],"_links":{"self":[{"href":"https:\/\/www.kumkoybeachresort.com\/index.php\/wp-json\/wp\/v2\/pages\/6428","targetHints":{"allow":["GET"]}}],"collection":[{"href":"https:\/\/www.kumkoybeachresort.com\/index.php\/wp-json\/wp\/v2\/pages"}],"about":[{"href":"https:\/\/www.kumkoybeachresort.com\/index.php\/wp-json\/wp\/v2\/types\/page"}],"author":[{"embeddable":true,"href":"https:\/\/www.kumkoybeachresort.com\/index.php\/wp-json\/wp\/v2\/users\/1"}],"replies":[{"embeddable":true,"href":"https:\/\/www.kumkoybeachresort.com\/index.php\/wp-json\/wp\/v2\/comments?post=6428"}],"version-history":[{"count":23,"href":"https:\/\/www.kumkoybeachresort.com\/index.php\/wp-json\/wp\/v2\/pages\/6428\/revisions"}],"predecessor-version":[{"id":7427,"href":"https:\/\/www.kumkoybeachresort.com\/index.php\/wp-json\/wp\/v2\/pages\/6428\/revisions\/7427"}],"wp:attachment":[{"href":"https:\/\/www.kumkoybeachresort.com\/index.php\/wp-json\/wp\/v2\/media?parent=6428"}],"curies":[{"name":"wp","href":"https:\/\/api.w.org\/{rel}","templated":true}]}}