{"id":6361,"date":"2024-10-03T15:18:47","date_gmt":"2024-10-03T12:18:47","guid":{"rendered":"https:\/\/www.kumkoybeachresort.com\/?page_id=6361"},"modified":"2025-04-23T14:49:09","modified_gmt":"2025-04-23T11:49:09","slug":"aile-odasi-4-kisilik","status":"publish","type":"page","link":"https:\/\/www.kumkoybeachresort.com\/index.php\/aile-odasi-4-kisilik\/","title":{"rendered":"Aile Odas\u0131 &#8211; C (4-ki\u015filik)"},"content":{"rendered":"\t\t<div data-elementor-type=\"wp-page\" data-elementor-id=\"6361\" class=\"elementor elementor-6361\">\n\t\t\t\t<div class=\"elementor-element elementor-element-d587467 e-flex e-con-boxed e-con e-parent\" data-id=\"d587467\" data-element_type=\"container\" data-e-type=\"container\">\n\t\t\t\t\t<div class=\"e-con-inner\">\n\t\t<div class=\"elementor-element elementor-element-a25625f e-con-full e-flex e-con e-child\" data-id=\"a25625f\" data-element_type=\"container\" data-e-type=\"container\">\n\t\t\t\t<div class=\"elementor-element elementor-element-5d55ac5 elementor-align-center elementor-widget elementor-widget-heading\" data-id=\"5d55ac5\" data-element_type=\"widget\" data-e-type=\"widget\" data-widget_type=\"heading.default\">\n\t\t\t\t<div class=\"elementor-widget-container\">\n\t\t\t\t\t<div class=\"heading-decor\"><svg aria-hidden=\"true\" class=\"e-font-icon-svg e-fas-sun\" viewBox=\"0 0 512 512\" xmlns=\"http:\/\/www.w3.org\/2000\/svg\"><path d=\"M256 160c-52.9 0-96 43.1-96 96s43.1 96 96 96 96-43.1 96-96-43.1-96-96-96zm246.4 80.5l-94.7-47.3 33.5-100.4c4.5-13.6-8.4-26.5-21.9-21.9l-100.4 33.5-47.4-94.8c-6.4-12.8-24.6-12.8-31 0l-47.3 94.7L92.7 70.8c-13.6-4.5-26.5 8.4-21.9 21.9l33.5 100.4-94.7 47.4c-12.8 6.4-12.8 24.6 0 31l94.7 47.3-33.5 100.5c-4.5 13.6 8.4 26.5 21.9 21.9l100.4-33.5 47.3 94.7c6.4 12.8 24.6 12.8 31 0l47.3-94.7 100.4 33.5c13.6 4.5 26.5-8.4 21.9-21.9l-33.5-100.4 94.7-47.3c13-6.5 13-24.7.2-31.1zm-155.9 106c-49.9 49.9-131.1 49.9-181 0-49.9-49.9-49.9-131.1 0-181 49.9-49.9 131.1-49.9 181 0 49.9 49.9 49.9 131.1 0 181z\"><\/path><\/svg><\/div><span class=\"sub-title\">sun\u0131s kumk\u00f6y beach resort hotel & spa<\/span><h2 class=\"elementor-heading-title elementor-size-default\">Aile Odas\u0131 - C (4-Ki\u015filik)<\/h2>\t\t\t\t<\/div>\n\t\t\t\t<\/div>\n\t\t\t\t<div class=\"elementor-element elementor-element-b6b4525 elementor-align-center elementor-widget elementor-widget-heading\" data-id=\"b6b4525\" data-element_type=\"widget\" data-e-type=\"widget\" data-widget_type=\"heading.default\">\n\t\t\t\t<div class=\"elementor-widget-container\">\n\t\t\t\t\t<span class=\"sub-title\">deniz - kara manzaral\u0131 se\u00e7enekleri<\/span><h2 class=\"elementor-heading-title elementor-size-default\"><\/h2>\t\t\t\t<\/div>\n\t\t\t\t<\/div>\n\t\t\t\t<\/div>\n\t\t\t\t\t<\/div>\n\t\t\t\t<\/div>\n\t\t<div class=\"elementor-element elementor-element-10be2e5 e-flex e-con-boxed e-con e-parent\" data-id=\"10be2e5\" data-element_type=\"container\" data-e-type=\"container\">\n\t\t\t\t\t<div class=\"e-con-inner\">\n\t\t\t\t<div class=\"elementor-element elementor-element-006ce92 elementor-arrows-position-inside elementor-pagination-position-outside elementor-widget elementor-widget-image-carousel\" data-id=\"006ce92\" data-element_type=\"widget\" data-e-type=\"widget\" data-settings=\"{&quot;autoplay_speed&quot;:3000,&quot;speed&quot;:400,&quot;navigation&quot;:&quot;both&quot;,&quot;autoplay&quot;:&quot;yes&quot;,&quot;pause_on_hover&quot;:&quot;yes&quot;,&quot;pause_on_interaction&quot;:&quot;yes&quot;,&quot;infinite&quot;:&quot;yes&quot;}\" data-widget_type=\"image-carousel.default\">\n\t\t\t\t<div class=\"elementor-widget-container\">\n\t\t\t\t\t\t\t<div class=\"elementor-image-carousel-wrapper swiper\" role=\"region\" aria-roledescription=\"carousel\" aria-label=\"Resim D\u00f6ng\u00fcs\u00fc\" dir=\"ltr\">\n\t\t\t<div class=\"elementor-image-carousel swiper-wrapper\" aria-live=\"off\">\n\t\t\t\t\t\t\t\t<div class=\"swiper-slide\" role=\"group\" aria-roledescription=\"slide\" aria-label=\"1 \/ 4\"><figure class=\"swiper-slide-inner\"><img decoding=\"async\" class=\"swiper-slide-image\" src=\"https:\/\/www.kumkoybeachresort.com\/wp-content\/uploads\/2024\/10\/9981-400x400.jpg\" alt=\"9981\" \/><\/figure><\/div><div class=\"swiper-slide\" role=\"group\" aria-roledescription=\"slide\" aria-label=\"2 \/ 4\"><figure class=\"swiper-slide-inner\"><img decoding=\"async\" class=\"swiper-slide-image\" src=\"https:\/\/www.kumkoybeachresort.com\/wp-content\/uploads\/2024\/10\/9984-400x400.jpg\" alt=\"9984\" \/><\/figure><\/div><div class=\"swiper-slide\" role=\"group\" aria-roledescription=\"slide\" aria-label=\"3 \/ 4\"><figure class=\"swiper-slide-inner\"><img decoding=\"async\" class=\"swiper-slide-image\" src=\"https:\/\/www.kumkoybeachresort.com\/wp-content\/uploads\/2024\/10\/CTM9712-400x400.jpg\" alt=\"_CTM9712\" \/><\/figure><\/div><div class=\"swiper-slide\" role=\"group\" aria-roledescription=\"slide\" aria-label=\"4 \/ 4\"><figure class=\"swiper-slide-inner\"><img decoding=\"async\" class=\"swiper-slide-image\" src=\"https:\/\/www.kumkoybeachresort.com\/wp-content\/uploads\/2024\/10\/CTM9716-400x400.jpg\" alt=\"_CTM9716\" \/><\/figure><\/div>\t\t\t<\/div>\n\t\t\t\t\t\t\t\t\t\t\t\t<div class=\"elementor-swiper-button elementor-swiper-button-prev\" role=\"button\" tabindex=\"0\">\n\t\t\t\t\t\t<svg aria-hidden=\"true\" class=\"e-font-icon-svg e-eicon-chevron-left\" viewBox=\"0 0 1000 1000\" xmlns=\"http:\/\/www.w3.org\/2000\/svg\"><path d=\"M646 125C629 125 613 133 604 142L308 442C296 454 292 471 292 487 292 504 296 521 308 533L604 854C617 867 629 875 646 875 663 875 679 871 692 858 704 846 713 829 713 812 713 796 708 779 692 767L438 487 692 225C700 217 708 204 708 187 708 171 704 154 692 142 675 129 663 125 646 125Z\"><\/path><\/svg>\t\t\t\t\t<\/div>\n\t\t\t\t\t<div class=\"elementor-swiper-button elementor-swiper-button-next\" role=\"button\" tabindex=\"0\">\n\t\t\t\t\t\t<svg aria-hidden=\"true\" class=\"e-font-icon-svg e-eicon-chevron-right\" viewBox=\"0 0 1000 1000\" xmlns=\"http:\/\/www.w3.org\/2000\/svg\"><path d=\"M696 533C708 521 713 504 713 487 713 471 708 454 696 446L400 146C388 133 375 125 354 125 338 125 325 129 313 142 300 154 292 171 292 187 292 204 296 221 308 233L563 492 304 771C292 783 288 800 288 817 288 833 296 850 308 863 321 871 338 875 354 875 371 875 388 867 400 854L696 533Z\"><\/path><\/svg>\t\t\t\t\t<\/div>\n\t\t\t\t\n\t\t\t\t\t\t\t\t\t<div class=\"swiper-pagination\"><\/div>\n\t\t\t\t\t\t\t\t\t<\/div>\n\t\t\t\t\t\t<\/div>\n\t\t\t\t<\/div>\n\t\t\t\t\t<\/div>\n\t\t\t\t<\/div>\n\t\t<div class=\"elementor-element elementor-element-638ba8b e-flex e-con-boxed e-con e-parent\" data-id=\"638ba8b\" data-element_type=\"container\" data-e-type=\"container\">\n\t\t\t\t\t<div class=\"e-con-inner\">\n\t\t<div class=\"elementor-element elementor-element-dd203dd e-con-full e-flex e-con e-child\" data-id=\"dd203dd\" data-element_type=\"container\" data-e-type=\"container\">\n\t\t\t\t<div class=\"elementor-element elementor-element-c9811ee elementor-widget elementor-widget-text-editor\" data-id=\"c9811ee\" data-element_type=\"widget\" data-e-type=\"widget\" data-widget_type=\"text-editor.default\">\n\t\t\t\t<div class=\"elementor-widget-container\">\n\t\t\t\t\t        <div class=\"elementor-text-editor elementor-clearfix\"><p class=\"p1\" style=\"text-align: center;\"><span style=\"color: #000000;\">Aile Odas\u0131 40 m\u00b2&#8217; dir. \u00d6zellikle \u00e7ocuklu aileler i\u00e7in ideal bir konaklama sunar. Birden fazla yatak odas\u0131 sayesinde aile bireylerine \u00f6zel alanlar sa\u011flan\u0131r. Modern dekorasyon ve geni\u015f kullan\u0131m alan\u0131, ailelerin rahat\u00e7a dinlenebilece\u011fi bir ortam yarat\u0131r. Odadaki olanaklar, tatilin keyifli ge\u00e7mesi i\u00e7in her detay\u0131 d\u00fc\u015f\u00fcn\u00fclm\u00fc\u015f \u015fekilde tasarlanm\u0131\u015ft\u0131r. Laminant parke, balkon, klima, minibar ve televizyon gibi olanaklar, her ya\u015ftan misafirin ihtiya\u00e7lar\u0131n\u0131 kar\u015f\u0131lar.<\/span><\/p><p class=\"p1\" style=\"text-align: center;\"><span style=\"color: #000000;\">Kumk\u00f6y Beach Resort\u2019un Aile Odas\u0131, hem geni\u015f alan\u0131 hem de modern olanaklar\u0131yla aileler i\u00e7in ideal bir se\u00e7enek sunar. Aileler, tatillerini konforlu ve huzurlu bir ortamda ge\u00e7irebilir, her bir bireyin ihtiya\u00e7lar\u0131n\u0131 kar\u015f\u0131layan bu oda sayesinde keyif dolu bir tatilin tad\u0131n\u0131 \u00e7\u0131karabilir. Aile Odas\u0131, Kumk\u00f6y Beach Resort\u2019un sundu\u011fu aile dostu hizmetlerin bir yans\u0131mas\u0131 olarak, rahatl\u0131k ve i\u015flevselli\u011fi bir araya getirir.<\/span><\/p><\/div>\n        \t\t\t\t<\/div>\n\t\t\t\t<\/div>\n\t\t\t\t<\/div>\n\t\t\t\t\t<\/div>\n\t\t\t\t<\/div>\n\t\t<div class=\"elementor-element elementor-element-1812eb0 e-flex e-con-boxed e-con e-parent\" data-id=\"1812eb0\" data-element_type=\"container\" data-e-type=\"container\">\n\t\t\t\t\t<div class=\"e-con-inner\">\n\t\t\t\t<div class=\"elementor-element elementor-element-9a522f8 elementor-align-center elementor-widget elementor-widget-heading\" data-id=\"9a522f8\" data-element_type=\"widget\" data-e-type=\"widget\" data-widget_type=\"heading.default\">\n\t\t\t\t<div class=\"elementor-widget-container\">\n\t\t\t\t\t<div class=\"heading-decor\"><i aria-hidden=\"true\" class=\"opal-icon- opal-icon-luxury-rooms\"><\/i><\/div><span class=\"sub-title\">Di\u011fer Odalar & Suitler<\/span><h2 class=\"elementor-heading-title elementor-size-default\"><\/h2>\t\t\t\t<\/div>\n\t\t\t\t<\/div>\n\t\t\t\t\t<\/div>\n\t\t\t\t<\/div>\n\t\t<div class=\"elementor-element elementor-element-ca3ecf1 e-flex e-con-boxed e-con e-parent\" data-id=\"ca3ecf1\" data-element_type=\"container\" data-e-type=\"container\">\n\t\t\t\t\t<div class=\"e-con-inner\">\n\t\t<div class=\"elementor-element elementor-element-b43ab1a e-con-full e-flex e-con e-child\" data-id=\"b43ab1a\" data-element_type=\"container\" data-e-type=\"container\">\n\t\t\t\t<div class=\"elementor-element elementor-element-79e0c60 elementor-align-center elementor-button-primary elementor-widget elementor-widget-button\" data-id=\"79e0c60\" data-element_type=\"widget\" data-e-type=\"widget\" data-widget_type=\"button.default\">\n\t\t\t\t<div class=\"elementor-widget-container\">\n\t\t\t\t\t        <div class=\"elementor-button-wrapper\">\n            <a href=\"https:\/\/www.kumkoybeachresort.com\/index.php\/standart-oda-3-kisilik\/\" class=\"elementor-button-link elementor-button elementor-size-md\" target=\"_blank\" role=\"button\">\n                        <span class=\"elementor-button-content-wrapper\">\n\t\t\t                <span class=\"elementor-button-icon elementor-align-icon-right\">\n\t\t\t\t<i class=\"opal-icon-long-arrow-right\" aria-hidden=\"true\"><\/i>\n\t\t\t<\/span>\n                        <span class=\"elementor-button-text\">standart oda<\/span>\n\t\t<\/span>\n\n\n                <\/a>\n        <\/div>\n        \t\t\t\t<\/div>\n\t\t\t\t<\/div>\n\t\t\t\t<\/div>\n\t\t<div class=\"elementor-element elementor-element-c90ad20 e-con-full e-flex e-con e-child\" data-id=\"c90ad20\" data-element_type=\"container\" data-e-type=\"container\">\n\t\t\t\t<div class=\"elementor-element elementor-element-74ec636 elementor-align-center elementor-button-primary elementor-widget elementor-widget-button\" data-id=\"74ec636\" data-element_type=\"widget\" data-e-type=\"widget\" data-widget_type=\"button.default\">\n\t\t\t\t<div class=\"elementor-widget-container\">\n\t\t\t\t\t        <div class=\"elementor-button-wrapper\">\n            <a href=\"https:\/\/www.kumkoybeachresort.com\/index.php\/suit-4-kisilik\/\" class=\"elementor-button-link elementor-button elementor-size-md\" target=\"_blank\" role=\"button\">\n                        <span class=\"elementor-button-content-wrapper\">\n\t\t\t                <span class=\"elementor-button-icon elementor-align-icon-right\">\n\t\t\t\t<i class=\"opal-icon-long-arrow-right\" aria-hidden=\"true\"><\/i>\n\t\t\t<\/span>\n                        <span class=\"elementor-button-text\">suit<\/span>\n\t\t<\/span>\n\n\n                <\/a>\n        <\/div>\n        \t\t\t\t<\/div>\n\t\t\t\t<\/div>\n\t\t\t\t<\/div>\n\t\t<div class=\"elementor-element elementor-element-ce4d36d e-con-full e-flex e-con e-child\" data-id=\"ce4d36d\" data-element_type=\"container\" data-e-type=\"container\">\n\t\t\t\t<div class=\"elementor-element elementor-element-3782451 elementor-align-center elementor-button-primary elementor-widget elementor-widget-button\" data-id=\"3782451\" data-element_type=\"widget\" data-e-type=\"widget\" data-widget_type=\"button.default\">\n\t\t\t\t<div class=\"elementor-widget-container\">\n\t\t\t\t\t        <div class=\"elementor-button-wrapper\">\n            <a href=\"https:\/\/www.kumkoybeachresort.com\/index.php\/junior-suit-4-kisilik\/\" class=\"elementor-button-link elementor-button elementor-size-md\" target=\"_blank\" role=\"button\">\n                        <span class=\"elementor-button-content-wrapper\">\n\t\t\t                <span class=\"elementor-button-icon elementor-align-icon-right\">\n\t\t\t\t<i class=\"opal-icon-long-arrow-right\" aria-hidden=\"true\"><\/i>\n\t\t\t<\/span>\n                        <span class=\"elementor-button-text\">junior suit<\/span>\n\t\t<\/span>\n\n\n                <\/a>\n        <\/div>\n        \t\t\t\t<\/div>\n\t\t\t\t<\/div>\n\t\t\t\t<\/div>\n\t\t<div class=\"elementor-element elementor-element-430d637 e-con-full e-flex e-con e-child\" data-id=\"430d637\" data-element_type=\"container\" data-e-type=\"container\">\n\t\t\t\t<div class=\"elementor-element elementor-element-80e39fe elementor-align-center elementor-button-primary elementor-widget elementor-widget-button\" data-id=\"80e39fe\" data-element_type=\"widget\" data-e-type=\"widget\" data-widget_type=\"button.default\">\n\t\t\t\t<div class=\"elementor-widget-container\">\n\t\t\t\t\t        <div class=\"elementor-button-wrapper\">\n            <a href=\"https:\/\/www.kumkoybeachresort.com\/index.php\/king-suit-4-kisilik\/\" class=\"elementor-button-link elementor-button elementor-size-md\" target=\"_blank\" role=\"button\">\n                        <span class=\"elementor-button-content-wrapper\">\n\t\t\t                <span class=\"elementor-button-icon elementor-align-icon-right\">\n\t\t\t\t<i class=\"opal-icon-long-arrow-right\" aria-hidden=\"true\"><\/i>\n\t\t\t<\/span>\n                        <span class=\"elementor-button-text\">king suit<\/span>\n\t\t<\/span>\n\n\n                <\/a>\n        <\/div>\n        \t\t\t\t<\/div>\n\t\t\t\t<\/div>\n\t\t\t\t<\/div>\n\t\t\t\t\t<\/div>\n\t\t\t\t<\/div>\n\t\t\t\t<\/div>\n\t\t","protected":false},"excerpt":{"rendered":"<p>sun\u0131s kumk\u00f6y beach resort hotel &#038; spa Aile Odas\u0131 &#8211; C (4-Ki\u015filik) deniz &#8211; kara manzaral\u0131 se\u00e7enekleri Aile Odas\u0131 40 m\u00b2&#8217; dir. \u00d6zellikle \u00e7ocuklu aileler i\u00e7in ideal bir konaklama sunar. Birden fazla yatak odas\u0131 sayesinde aile bireylerine \u00f6zel alanlar sa\u011flan\u0131r. Modern dekorasyon ve geni\u015f kullan\u0131m alan\u0131, ailelerin rahat\u00e7a dinlenebilece\u011fi bir ortam yarat\u0131r. Odadaki olanaklar, tatilin &hellip; <span class=\"more-link-wrap\"><a href=\"https:\/\/www.kumkoybeachresort.com\/index.php\/aile-odasi-4-kisilik\/\" class=\"more-link\">Read More <span class=\"screen-reader-text\"> &#8220;Aile Odas\u0131 &#8211; C (4-ki\u015filik)&#8221;<\/span><\/a><\/span><\/p>\n","protected":false},"author":1,"featured_media":0,"parent":0,"menu_order":0,"comment_status":"closed","ping_status":"closed","template":"","meta":{"inline_featured_image":false,"footnotes":""},"class_list":["post-6361","page","type-page","status-publish","hentry"],"_links":{"self":[{"href":"https:\/\/www.kumkoybeachresort.com\/index.php\/wp-json\/wp\/v2\/pages\/6361","targetHints":{"allow":["GET"]}}],"collection":[{"href":"https:\/\/www.kumkoybeachresort.com\/index.php\/wp-json\/wp\/v2\/pages"}],"about":[{"href":"https:\/\/www.kumkoybeachresort.com\/index.php\/wp-json\/wp\/v2\/types\/page"}],"author":[{"embeddable":true,"href":"https:\/\/www.kumkoybeachresort.com\/index.php\/wp-json\/wp\/v2\/users\/1"}],"replies":[{"embeddable":true,"href":"https:\/\/www.kumkoybeachresort.com\/index.php\/wp-json\/wp\/v2\/comments?post=6361"}],"version-history":[{"count":28,"href":"https:\/\/www.kumkoybeachresort.com\/index.php\/wp-json\/wp\/v2\/pages\/6361\/revisions"}],"predecessor-version":[{"id":7413,"href":"https:\/\/www.kumkoybeachresort.com\/index.php\/wp-json\/wp\/v2\/pages\/6361\/revisions\/7413"}],"wp:attachment":[{"href":"https:\/\/www.kumkoybeachresort.com\/index.php\/wp-json\/wp\/v2\/media?parent=6361"}],"curies":[{"name":"wp","href":"https:\/\/api.w.org\/{rel}","templated":true}]}}