{"id":6273,"date":"2024-10-03T11:48:57","date_gmt":"2024-10-03T08:48:57","guid":{"rendered":"https:\/\/www.kumkoybeachresort.com\/?page_id=6273"},"modified":"2025-04-23T14:54:16","modified_gmt":"2025-04-23T11:54:16","slug":"junior-suit-4-kisilik","status":"publish","type":"page","link":"https:\/\/www.kumkoybeachresort.com\/index.php\/junior-suit-4-kisilik\/","title":{"rendered":"Junior Suit (4-Ki\u015filik)"},"content":{"rendered":"\t\t<div data-elementor-type=\"wp-page\" data-elementor-id=\"6273\" class=\"elementor elementor-6273\">\n\t\t\t\t<div class=\"elementor-element elementor-element-c629e69 e-flex e-con-boxed e-con e-parent\" data-id=\"c629e69\" data-element_type=\"container\" data-e-type=\"container\">\n\t\t\t\t\t<div class=\"e-con-inner\">\n\t\t<div class=\"elementor-element elementor-element-8a9cee3 e-con-full e-flex e-con e-child\" data-id=\"8a9cee3\" data-element_type=\"container\" data-e-type=\"container\">\n\t\t\t\t<div class=\"elementor-element elementor-element-2aba0fe elementor-align-center elementor-widget elementor-widget-heading\" data-id=\"2aba0fe\" data-element_type=\"widget\" data-e-type=\"widget\" data-widget_type=\"heading.default\">\n\t\t\t\t<div class=\"elementor-widget-container\">\n\t\t\t\t\t<div class=\"heading-decor\"><svg aria-hidden=\"true\" class=\"e-font-icon-svg e-fas-sun\" viewBox=\"0 0 512 512\" xmlns=\"http:\/\/www.w3.org\/2000\/svg\"><path d=\"M256 160c-52.9 0-96 43.1-96 96s43.1 96 96 96 96-43.1 96-96-43.1-96-96-96zm246.4 80.5l-94.7-47.3 33.5-100.4c4.5-13.6-8.4-26.5-21.9-21.9l-100.4 33.5-47.4-94.8c-6.4-12.8-24.6-12.8-31 0l-47.3 94.7L92.7 70.8c-13.6-4.5-26.5 8.4-21.9 21.9l33.5 100.4-94.7 47.4c-12.8 6.4-12.8 24.6 0 31l94.7 47.3-33.5 100.5c-4.5 13.6 8.4 26.5 21.9 21.9l100.4-33.5 47.3 94.7c6.4 12.8 24.6 12.8 31 0l47.3-94.7 100.4 33.5c13.6 4.5 26.5-8.4 21.9-21.9l-33.5-100.4 94.7-47.3c13-6.5 13-24.7.2-31.1zm-155.9 106c-49.9 49.9-131.1 49.9-181 0-49.9-49.9-49.9-131.1 0-181 49.9-49.9 131.1-49.9 181 0 49.9 49.9 49.9 131.1 0 181z\"><\/path><\/svg><\/div><span class=\"sub-title\">sun\u0131s kumk\u00f6y beach resort hotel & spa<\/span><h2 class=\"elementor-heading-title elementor-size-default\">Junior Suit (4-Ki\u015filik)<\/h2>\t\t\t\t<\/div>\n\t\t\t\t<\/div>\n\t\t\t\t<\/div>\n\t\t\t\t\t<\/div>\n\t\t\t\t<\/div>\n\t\t<div class=\"elementor-element elementor-element-98c4893 e-flex e-con-boxed e-con e-parent\" data-id=\"98c4893\" data-element_type=\"container\" data-e-type=\"container\">\n\t\t\t\t\t<div class=\"e-con-inner\">\n\t\t<div class=\"elementor-element elementor-element-638dbca e-con-full e-flex e-con e-child\" data-id=\"638dbca\" data-element_type=\"container\" data-e-type=\"container\">\n\t\t\t\t<div class=\"elementor-element elementor-element-cc2ee20 elementor-arrows-position-inside elementor-pagination-position-outside elementor-widget elementor-widget-image-carousel\" data-id=\"cc2ee20\" data-element_type=\"widget\" data-e-type=\"widget\" data-settings=\"{&quot;autoplay_speed&quot;:3000,&quot;speed&quot;:400,&quot;navigation&quot;:&quot;both&quot;,&quot;autoplay&quot;:&quot;yes&quot;,&quot;pause_on_hover&quot;:&quot;yes&quot;,&quot;pause_on_interaction&quot;:&quot;yes&quot;,&quot;infinite&quot;:&quot;yes&quot;}\" data-widget_type=\"image-carousel.default\">\n\t\t\t\t<div class=\"elementor-widget-container\">\n\t\t\t\t\t\t\t<div class=\"elementor-image-carousel-wrapper swiper\" role=\"region\" aria-roledescription=\"carousel\" aria-label=\"Resim D\u00f6ng\u00fcs\u00fc\" dir=\"ltr\">\n\t\t\t<div class=\"elementor-image-carousel swiper-wrapper\" aria-live=\"off\">\n\t\t\t\t\t\t\t\t<div class=\"swiper-slide\" role=\"group\" aria-roledescription=\"slide\" aria-label=\"1 \/ 3\"><figure class=\"swiper-slide-inner\"><img decoding=\"async\" class=\"swiper-slide-image\" src=\"https:\/\/www.kumkoybeachresort.com\/wp-content\/uploads\/2024\/10\/CTM6453-400x400.jpg\" alt=\"_CTM6453\" \/><\/figure><\/div><div class=\"swiper-slide\" role=\"group\" aria-roledescription=\"slide\" aria-label=\"2 \/ 3\"><figure class=\"swiper-slide-inner\"><img decoding=\"async\" class=\"swiper-slide-image\" src=\"https:\/\/www.kumkoybeachresort.com\/wp-content\/uploads\/2024\/10\/CTM6459-400x400.jpg\" alt=\"_CTM6459\" \/><\/figure><\/div><div class=\"swiper-slide\" role=\"group\" aria-roledescription=\"slide\" aria-label=\"3 \/ 3\"><figure class=\"swiper-slide-inner\"><img decoding=\"async\" class=\"swiper-slide-image\" src=\"https:\/\/www.kumkoybeachresort.com\/wp-content\/uploads\/2024\/10\/CTM6455-400x400.jpg\" alt=\"_CTM6455\" \/><\/figure><\/div>\t\t\t<\/div>\n\t\t\t\t\t\t\t\t\t\t\t\t<div class=\"elementor-swiper-button elementor-swiper-button-prev\" role=\"button\" tabindex=\"0\">\n\t\t\t\t\t\t<svg aria-hidden=\"true\" class=\"e-font-icon-svg e-eicon-chevron-left\" viewBox=\"0 0 1000 1000\" xmlns=\"http:\/\/www.w3.org\/2000\/svg\"><path d=\"M646 125C629 125 613 133 604 142L308 442C296 454 292 471 292 487 292 504 296 521 308 533L604 854C617 867 629 875 646 875 663 875 679 871 692 858 704 846 713 829 713 812 713 796 708 779 692 767L438 487 692 225C700 217 708 204 708 187 708 171 704 154 692 142 675 129 663 125 646 125Z\"><\/path><\/svg>\t\t\t\t\t<\/div>\n\t\t\t\t\t<div class=\"elementor-swiper-button elementor-swiper-button-next\" role=\"button\" tabindex=\"0\">\n\t\t\t\t\t\t<svg aria-hidden=\"true\" class=\"e-font-icon-svg e-eicon-chevron-right\" viewBox=\"0 0 1000 1000\" xmlns=\"http:\/\/www.w3.org\/2000\/svg\"><path d=\"M696 533C708 521 713 504 713 487 713 471 708 454 696 446L400 146C388 133 375 125 354 125 338 125 325 129 313 142 300 154 292 171 292 187 292 204 296 221 308 233L563 492 304 771C292 783 288 800 288 817 288 833 296 850 308 863 321 871 338 875 354 875 371 875 388 867 400 854L696 533Z\"><\/path><\/svg>\t\t\t\t\t<\/div>\n\t\t\t\t\n\t\t\t\t\t\t\t\t\t<div class=\"swiper-pagination\"><\/div>\n\t\t\t\t\t\t\t\t\t<\/div>\n\t\t\t\t\t\t<\/div>\n\t\t\t\t<\/div>\n\t\t\t\t<\/div>\n\t\t\t\t\t<\/div>\n\t\t\t\t<\/div>\n\t\t<div class=\"elementor-element elementor-element-92995f2 e-flex e-con-boxed e-con e-parent\" data-id=\"92995f2\" data-element_type=\"container\" data-e-type=\"container\">\n\t\t\t\t\t<div class=\"e-con-inner\">\n\t\t<div class=\"elementor-element elementor-element-91ea36d e-con-full e-flex e-con e-child\" data-id=\"91ea36d\" data-element_type=\"container\" data-e-type=\"container\">\n\t\t\t\t<div class=\"elementor-element elementor-element-f0f40a1 elementor-widget elementor-widget-text-editor\" data-id=\"f0f40a1\" data-element_type=\"widget\" data-e-type=\"widget\" data-widget_type=\"text-editor.default\">\n\t\t\t\t<div class=\"elementor-widget-container\">\n\t\t\t\t\t        <div class=\"elementor-text-editor elementor-clearfix\"><p>60 m\u00b2\u2019lik geni\u015f ya\u015fam alan\u0131na sahip Junior Suit\u2019ler, modern dekorasyonu, fonksiyonel yap\u0131s\u0131 ve konforlu yataklar\u0131 ile \u00f6zellikle aileler i\u00e7in ideal bir konaklama sunar. Laminant parke zemin, balkon ve geni\u015f camlarla ferah bir atmosfer sa\u011flayan odalarda, misafirlerin t\u00fcm ihtiya\u00e7lar\u0131 d\u00fc\u015f\u00fcn\u00fclerek \u015f\u0131k detaylara yer verilmi\u015ftir. \u0130ki ayr\u0131 yatak odas\u0131, aile bireylerine hem birlikte vakit ge\u00e7irme hem de mahremiyet imk\u00e2n\u0131 sunar. Kumk\u00f6y Beach Resort\u2019un l\u00fcks ve konfor anlay\u0131\u015f\u0131n\u0131 yans\u0131tan Junior Suit odalar\u0131, huzurlu ve unutulmaz bir tatil i\u00e7in m\u00fckemmel bir tercihtir.<\/p><\/div>\n        \t\t\t\t<\/div>\n\t\t\t\t<\/div>\n\t\t\t\t<\/div>\n\t\t\t\t\t<\/div>\n\t\t\t\t<\/div>\n\t\t<div class=\"elementor-element elementor-element-ec11262 e-flex e-con-boxed e-con e-parent\" data-id=\"ec11262\" data-element_type=\"container\" data-e-type=\"container\">\n\t\t\t\t\t<div class=\"e-con-inner\">\n\t\t<div class=\"elementor-element elementor-element-c2067ff e-con-full e-flex e-con e-child\" data-id=\"c2067ff\" data-element_type=\"container\" data-e-type=\"container\">\n\t\t\t\t<div class=\"elementor-element elementor-element-718f4ec elementor-align-center elementor-widget elementor-widget-heading\" data-id=\"718f4ec\" data-element_type=\"widget\" data-e-type=\"widget\" data-widget_type=\"heading.default\">\n\t\t\t\t<div class=\"elementor-widget-container\">\n\t\t\t\t\t<div class=\"heading-decor\"><i aria-hidden=\"true\" class=\"opal-icon- opal-icon-luxury-rooms\"><\/i><\/div><span class=\"sub-title\">Di\u011fer Suitlerimiz<\/span><h2 class=\"elementor-heading-title elementor-size-default\"><\/h2>\t\t\t\t<\/div>\n\t\t\t\t<\/div>\n\t\t\t\t<\/div>\n\t\t\t\t\t<\/div>\n\t\t\t\t<\/div>\n\t\t<div class=\"elementor-element elementor-element-288d57a e-flex e-con-boxed e-con e-parent\" data-id=\"288d57a\" data-element_type=\"container\" data-e-type=\"container\">\n\t\t\t\t\t<div class=\"e-con-inner\">\n\t\t<div class=\"elementor-element elementor-element-94c56d0 e-con-full e-flex e-con e-child\" data-id=\"94c56d0\" data-element_type=\"container\" data-e-type=\"container\">\n\t\t\t\t<div class=\"elementor-element elementor-element-9d30ee8 elementor-align-center elementor-button-primary elementor-widget elementor-widget-button\" data-id=\"9d30ee8\" data-element_type=\"widget\" data-e-type=\"widget\" data-widget_type=\"button.default\">\n\t\t\t\t<div class=\"elementor-widget-container\">\n\t\t\t\t\t        <div class=\"elementor-button-wrapper\">\n            <a href=\"https:\/\/www.kumkoybeachresort.com\/index.php\/suit-4-kisilik\/\" class=\"elementor-button-link elementor-button elementor-size-md\" target=\"_blank\" role=\"button\">\n                        <span class=\"elementor-button-content-wrapper\">\n\t\t\t                <span class=\"elementor-button-icon elementor-align-icon-right\">\n\t\t\t\t<i class=\"opal-icon-long-arrow-right\" aria-hidden=\"true\"><\/i>\n\t\t\t<\/span>\n                        <span class=\"elementor-button-text\">suit<\/span>\n\t\t<\/span>\n\n\n                <\/a>\n        <\/div>\n        \t\t\t\t<\/div>\n\t\t\t\t<\/div>\n\t\t\t\t<\/div>\n\t\t<div class=\"elementor-element elementor-element-c2e9391 e-con-full e-flex e-con e-child\" data-id=\"c2e9391\" data-element_type=\"container\" data-e-type=\"container\">\n\t\t\t\t<div class=\"elementor-element elementor-element-d815c8c elementor-align-center elementor-button-primary elementor-widget elementor-widget-button\" data-id=\"d815c8c\" data-element_type=\"widget\" data-e-type=\"widget\" data-widget_type=\"button.default\">\n\t\t\t\t<div class=\"elementor-widget-container\">\n\t\t\t\t\t        <div class=\"elementor-button-wrapper\">\n            <a href=\"https:\/\/www.kumkoybeachresort.com\/index.php\/president-suit-4-kisilik\/\" class=\"elementor-button-link elementor-button elementor-size-md\" target=\"_blank\" role=\"button\">\n                        <span class=\"elementor-button-content-wrapper\">\n\t\t\t                <span class=\"elementor-button-icon elementor-align-icon-right\">\n\t\t\t\t<i class=\"opal-icon-long-arrow-right\" aria-hidden=\"true\"><\/i>\n\t\t\t<\/span>\n                        <span class=\"elementor-button-text\">President Suit<\/span>\n\t\t<\/span>\n\n\n                <\/a>\n        <\/div>\n        \t\t\t\t<\/div>\n\t\t\t\t<\/div>\n\t\t\t\t<\/div>\n\t\t<div class=\"elementor-element elementor-element-2b17063 e-con-full e-flex e-con e-child\" data-id=\"2b17063\" data-element_type=\"container\" data-e-type=\"container\">\n\t\t\t\t<div class=\"elementor-element elementor-element-219d2fd elementor-align-center elementor-button-primary elementor-widget elementor-widget-button\" data-id=\"219d2fd\" data-element_type=\"widget\" data-e-type=\"widget\" data-widget_type=\"button.default\">\n\t\t\t\t<div class=\"elementor-widget-container\">\n\t\t\t\t\t        <div class=\"elementor-button-wrapper\">\n            <a href=\"https:\/\/www.kumkoybeachresort.com\/index.php\/king-suit-4-kisilik\/\" class=\"elementor-button-link elementor-button elementor-size-md\" target=\"_blank\" role=\"button\">\n                        <span class=\"elementor-button-content-wrapper\">\n\t\t\t                <span class=\"elementor-button-icon elementor-align-icon-right\">\n\t\t\t\t<i class=\"opal-icon-long-arrow-right\" aria-hidden=\"true\"><\/i>\n\t\t\t<\/span>\n                        <span class=\"elementor-button-text\">king suit<\/span>\n\t\t<\/span>\n\n\n                <\/a>\n        <\/div>\n        \t\t\t\t<\/div>\n\t\t\t\t<\/div>\n\t\t\t\t<\/div>\n\t\t\t\t\t<\/div>\n\t\t\t\t<\/div>\n\t\t\t\t<\/div>\n\t\t","protected":false},"excerpt":{"rendered":"<p>sun\u0131s kumk\u00f6y beach resort hotel &#038; spa Junior Suit (4-Ki\u015filik) 60 m\u00b2\u2019lik geni\u015f ya\u015fam alan\u0131na sahip Junior Suit\u2019ler, modern dekorasyonu, fonksiyonel yap\u0131s\u0131 ve konforlu yataklar\u0131 ile \u00f6zellikle aileler i\u00e7in ideal bir konaklama sunar. Laminant parke zemin, balkon ve geni\u015f camlarla ferah bir atmosfer sa\u011flayan odalarda, misafirlerin t\u00fcm ihtiya\u00e7lar\u0131 d\u00fc\u015f\u00fcn\u00fclerek \u015f\u0131k detaylara yer verilmi\u015ftir. \u0130ki ayr\u0131 &hellip; <span class=\"more-link-wrap\"><a href=\"https:\/\/www.kumkoybeachresort.com\/index.php\/junior-suit-4-kisilik\/\" class=\"more-link\">Read More <span class=\"screen-reader-text\"> &#8220;Junior Suit (4-Ki\u015filik)&#8221;<\/span><\/a><\/span><\/p>\n","protected":false},"author":1,"featured_media":0,"parent":0,"menu_order":0,"comment_status":"closed","ping_status":"closed","template":"","meta":{"inline_featured_image":false,"footnotes":""},"class_list":["post-6273","page","type-page","status-publish","hentry"],"_links":{"self":[{"href":"https:\/\/www.kumkoybeachresort.com\/index.php\/wp-json\/wp\/v2\/pages\/6273","targetHints":{"allow":["GET"]}}],"collection":[{"href":"https:\/\/www.kumkoybeachresort.com\/index.php\/wp-json\/wp\/v2\/pages"}],"about":[{"href":"https:\/\/www.kumkoybeachresort.com\/index.php\/wp-json\/wp\/v2\/types\/page"}],"author":[{"embeddable":true,"href":"https:\/\/www.kumkoybeachresort.com\/index.php\/wp-json\/wp\/v2\/users\/1"}],"replies":[{"embeddable":true,"href":"https:\/\/www.kumkoybeachresort.com\/index.php\/wp-json\/wp\/v2\/comments?post=6273"}],"version-history":[{"count":44,"href":"https:\/\/www.kumkoybeachresort.com\/index.php\/wp-json\/wp\/v2\/pages\/6273\/revisions"}],"predecessor-version":[{"id":7417,"href":"https:\/\/www.kumkoybeachresort.com\/index.php\/wp-json\/wp\/v2\/pages\/6273\/revisions\/7417"}],"wp:attachment":[{"href":"https:\/\/www.kumkoybeachresort.com\/index.php\/wp-json\/wp\/v2\/media?parent=6273"}],"curies":[{"name":"wp","href":"https:\/\/api.w.org\/{rel}","templated":true}]}}