{"id":6172,"date":"2024-10-02T15:25:42","date_gmt":"2024-10-02T12:25:42","guid":{"rendered":"https:\/\/www.kumkoybeachresort.com\/?page_id=6172"},"modified":"2025-01-13T11:27:17","modified_gmt":"2025-01-13T08:27:17","slug":"spa-saglik","status":"publish","type":"page","link":"https:\/\/www.kumkoybeachresort.com\/index.php\/spa-saglik\/","title":{"rendered":"Spa &#038; Sa\u011fl\u0131k"},"content":{"rendered":"\t\t<div data-elementor-type=\"wp-page\" data-elementor-id=\"6172\" class=\"elementor elementor-6172\">\n\t\t\t\t<div class=\"elementor-element elementor-element-c5192bf e-flex e-con-boxed e-con e-parent\" data-id=\"c5192bf\" data-element_type=\"container\" data-e-type=\"container\">\n\t\t\t\t\t<div class=\"e-con-inner\">\n\t\t\t\t<div class=\"elementor-element elementor-element-ed6215d elementor-align-center elementor-widget elementor-widget-heading\" data-id=\"ed6215d\" data-element_type=\"widget\" data-e-type=\"widget\" data-widget_type=\"heading.default\">\n\t\t\t\t<div class=\"elementor-widget-container\">\n\t\t\t\t\t<div class=\"heading-decor\"><svg aria-hidden=\"true\" class=\"e-font-icon-svg e-fas-sun\" viewBox=\"0 0 512 512\" xmlns=\"http:\/\/www.w3.org\/2000\/svg\"><path d=\"M256 160c-52.9 0-96 43.1-96 96s43.1 96 96 96 96-43.1 96-96-43.1-96-96-96zm246.4 80.5l-94.7-47.3 33.5-100.4c4.5-13.6-8.4-26.5-21.9-21.9l-100.4 33.5-47.4-94.8c-6.4-12.8-24.6-12.8-31 0l-47.3 94.7L92.7 70.8c-13.6-4.5-26.5 8.4-21.9 21.9l33.5 100.4-94.7 47.4c-12.8 6.4-12.8 24.6 0 31l94.7 47.3-33.5 100.5c-4.5 13.6 8.4 26.5 21.9 21.9l100.4-33.5 47.3 94.7c6.4 12.8 24.6 12.8 31 0l47.3-94.7 100.4 33.5c13.6 4.5 26.5-8.4 21.9-21.9l-33.5-100.4 94.7-47.3c13-6.5 13-24.7.2-31.1zm-155.9 106c-49.9 49.9-131.1 49.9-181 0-49.9-49.9-49.9-131.1 0-181 49.9-49.9 131.1-49.9 181 0 49.9 49.9 49.9 131.1 0 181z\"><\/path><\/svg><\/div><span class=\"sub-title\">sun\u0131s kumk\u00f6y beach resort<\/span><h2 class=\"elementor-heading-title elementor-size-default\">Spa & Sa\u011fl\u0131k<\/h2>\t\t\t\t<\/div>\n\t\t\t\t<\/div>\n\t\t\t\t\t<\/div>\n\t\t\t\t<\/div>\n\t\t<div class=\"elementor-element elementor-element-385770e e-flex e-con-boxed e-con e-parent\" data-id=\"385770e\" data-element_type=\"container\" data-e-type=\"container\">\n\t\t\t\t\t<div class=\"e-con-inner\">\n\t\t\t\t<div class=\"elementor-element elementor-element-3a680af elementor-widget elementor-widget-text-editor\" data-id=\"3a680af\" data-element_type=\"widget\" data-e-type=\"widget\" data-widget_type=\"text-editor.default\">\n\t\t\t\t<div class=\"elementor-widget-container\">\n\t\t\t\t\t        <div class=\"elementor-text-editor elementor-clearfix\"><p style=\"text-align: center;\"><span style=\"color: #000000;\">Ruha dokunan, \u015fifa ve huzur sunan <strong>Spa merkezimizde<\/strong> <strong>T\u00fcrk hamam\u0131<\/strong>, <strong>Sauna<\/strong> ve <strong>Jakuzi hizmetlerimiz<\/strong> ile zihninizi, bedeninizi ve ruhunuzu \u015f\u0131mart\u0131p yenileneceksiniz. <\/span><\/p><p style=\"text-align: center;\"><span style=\"color: #000000;\">Sizi g\u00fcnl\u00fck stresinizden uzakla\u015ft\u0131r\u0131p sakinle\u015ftirmek i\u00e7in, \u00f6zel olarak planlanm\u0131\u015f <strong>Spa hizmetlerimiz<\/strong> sayesinde, ruhunuzu huzurun ve rahatl\u0131\u011f\u0131n yumu\u015fak kollar\u0131na b\u0131rakabilirsiniz. \u00d6zel <strong>cilt ve v\u00fccut bak\u0131mlar\u0131yla<\/strong>, egzotik uzak do\u011fu masajlar\u0131yla; hayat\u0131n\u0131z\u0131n en sa\u011fl\u0131kl\u0131 tatilini ya\u015famaya haz\u0131r olun.<\/span><\/p><p style=\"text-align: center;\"><strong><span style=\"color: #000000;\">HAMAM<\/span><\/strong><\/p><p style=\"text-align: center;\"><span style=\"color: #000000;\">Ruha dokunan <strong>T\u00fcrk hamam\u0131<\/strong> hizmetlerimiz ile zihninizi, bedeninizi ve ruhunuzu \u015f\u0131mart\u0131p yenileneceksiniz.<\/span><\/p><p style=\"text-align: center;\"><strong><span style=\"color: #000000;\">FITNESS MERKEZ\u0130<\/span><\/strong><\/p><p style=\"text-align: center;\"><span style=\"color: #000000;\">Tatilinizi keyifle yaparken, <strong>sa\u011fl\u0131k<\/strong> ve formda kalma hedeflerinizi s\u00fcrd\u00fcrmek i\u00e7in modern salonumuz ile enerjik kal\u0131n.<\/span><\/p><\/div>\n        \t\t\t\t<\/div>\n\t\t\t\t<\/div>\n\t\t\t\t\t<\/div>\n\t\t\t\t<\/div>\n\t\t<div class=\"elementor-element elementor-element-e94e0f1 e-flex e-con-boxed e-con e-parent\" data-id=\"e94e0f1\" data-element_type=\"container\" data-e-type=\"container\">\n\t\t\t\t\t<div class=\"e-con-inner\">\n\t\t\t\t<div class=\"elementor-element elementor-element-f3f3110 elementor-arrows-position-inside elementor-pagination-position-outside elementor-widget elementor-widget-image-carousel\" data-id=\"f3f3110\" data-element_type=\"widget\" data-e-type=\"widget\" data-settings=\"{&quot;navigation&quot;:&quot;both&quot;,&quot;autoplay&quot;:&quot;yes&quot;,&quot;pause_on_hover&quot;:&quot;yes&quot;,&quot;pause_on_interaction&quot;:&quot;yes&quot;,&quot;autoplay_speed&quot;:5000,&quot;infinite&quot;:&quot;yes&quot;,&quot;speed&quot;:500}\" data-widget_type=\"image-carousel.default\">\n\t\t\t\t<div class=\"elementor-widget-container\">\n\t\t\t\t\t\t\t<div class=\"elementor-image-carousel-wrapper swiper\" role=\"region\" aria-roledescription=\"carousel\" aria-label=\"Resim D\u00f6ng\u00fcs\u00fc\" dir=\"ltr\">\n\t\t\t<div class=\"elementor-image-carousel swiper-wrapper\" aria-live=\"off\">\n\t\t\t\t\t\t\t\t<div class=\"swiper-slide\" role=\"group\" aria-roledescription=\"slide\" aria-label=\"1 \/ 4\"><figure class=\"swiper-slide-inner\"><img decoding=\"async\" class=\"swiper-slide-image\" src=\"https:\/\/www.kumkoybeachresort.com\/wp-content\/uploads\/2024\/10\/FITNESS-MERKEZI-400x400.jpg\" alt=\"FI\u0307TNESS MERKEZI\u0307\" \/><\/figure><\/div><div class=\"swiper-slide\" role=\"group\" aria-roledescription=\"slide\" aria-label=\"2 \/ 4\"><figure class=\"swiper-slide-inner\"><img decoding=\"async\" class=\"swiper-slide-image\" src=\"https:\/\/www.kumkoybeachresort.com\/wp-content\/uploads\/2024\/10\/GIRIS-1-400x400.jpg\" alt=\"GI\u0307RI\u0307S\u0327\" \/><\/figure><\/div><div class=\"swiper-slide\" role=\"group\" aria-roledescription=\"slide\" aria-label=\"3 \/ 4\"><figure class=\"swiper-slide-inner\"><img decoding=\"async\" class=\"swiper-slide-image\" src=\"https:\/\/www.kumkoybeachresort.com\/wp-content\/uploads\/2024\/10\/HAMAM-400x400.jpg\" alt=\"HAMAM\" \/><\/figure><\/div><div class=\"swiper-slide\" role=\"group\" aria-roledescription=\"slide\" aria-label=\"4 \/ 4\"><figure class=\"swiper-slide-inner\"><img decoding=\"async\" class=\"swiper-slide-image\" src=\"https:\/\/www.kumkoybeachresort.com\/wp-content\/uploads\/2024\/10\/MASAJ-400x400.jpg\" alt=\"MASAJ\" \/><\/figure><\/div>\t\t\t<\/div>\n\t\t\t\t\t\t\t\t\t\t\t\t<div class=\"elementor-swiper-button elementor-swiper-button-prev\" role=\"button\" tabindex=\"0\">\n\t\t\t\t\t\t<svg aria-hidden=\"true\" class=\"e-font-icon-svg e-eicon-chevron-left\" viewBox=\"0 0 1000 1000\" xmlns=\"http:\/\/www.w3.org\/2000\/svg\"><path d=\"M646 125C629 125 613 133 604 142L308 442C296 454 292 471 292 487 292 504 296 521 308 533L604 854C617 867 629 875 646 875 663 875 679 871 692 858 704 846 713 829 713 812 713 796 708 779 692 767L438 487 692 225C700 217 708 204 708 187 708 171 704 154 692 142 675 129 663 125 646 125Z\"><\/path><\/svg>\t\t\t\t\t<\/div>\n\t\t\t\t\t<div class=\"elementor-swiper-button elementor-swiper-button-next\" role=\"button\" tabindex=\"0\">\n\t\t\t\t\t\t<svg aria-hidden=\"true\" class=\"e-font-icon-svg e-eicon-chevron-right\" viewBox=\"0 0 1000 1000\" xmlns=\"http:\/\/www.w3.org\/2000\/svg\"><path d=\"M696 533C708 521 713 504 713 487 713 471 708 454 696 446L400 146C388 133 375 125 354 125 338 125 325 129 313 142 300 154 292 171 292 187 292 204 296 221 308 233L563 492 304 771C292 783 288 800 288 817 288 833 296 850 308 863 321 871 338 875 354 875 371 875 388 867 400 854L696 533Z\"><\/path><\/svg>\t\t\t\t\t<\/div>\n\t\t\t\t\n\t\t\t\t\t\t\t\t\t<div class=\"swiper-pagination\"><\/div>\n\t\t\t\t\t\t\t\t\t<\/div>\n\t\t\t\t\t\t<\/div>\n\t\t\t\t<\/div>\n\t\t\t\t\t<\/div>\n\t\t\t\t<\/div>\n\t\t\t\t<\/div>\n\t\t","protected":false},"excerpt":{"rendered":"<p>sun\u0131s kumk\u00f6y beach resort Spa &amp; Sa\u011fl\u0131k Ruha dokunan, \u015fifa ve huzur sunan Spa merkezimizde T\u00fcrk hamam\u0131, Sauna ve Jakuzi hizmetlerimiz ile zihninizi, bedeninizi ve ruhunuzu \u015f\u0131mart\u0131p yenileneceksiniz. Sizi g\u00fcnl\u00fck stresinizden uzakla\u015ft\u0131r\u0131p sakinle\u015ftirmek i\u00e7in, \u00f6zel olarak planlanm\u0131\u015f Spa hizmetlerimiz sayesinde, ruhunuzu huzurun ve rahatl\u0131\u011f\u0131n yumu\u015fak kollar\u0131na b\u0131rakabilirsiniz. \u00d6zel cilt ve v\u00fccut bak\u0131mlar\u0131yla, egzotik uzak do\u011fu &hellip; <span class=\"more-link-wrap\"><a href=\"https:\/\/www.kumkoybeachresort.com\/index.php\/spa-saglik\/\" class=\"more-link\">Read More <span class=\"screen-reader-text\"> &#8220;Spa &#038; Sa\u011fl\u0131k&#8221;<\/span><\/a><\/span><\/p>\n","protected":false},"author":1,"featured_media":0,"parent":0,"menu_order":0,"comment_status":"closed","ping_status":"closed","template":"","meta":{"inline_featured_image":false,"footnotes":""},"class_list":["post-6172","page","type-page","status-publish","hentry"],"_links":{"self":[{"href":"https:\/\/www.kumkoybeachresort.com\/index.php\/wp-json\/wp\/v2\/pages\/6172","targetHints":{"allow":["GET"]}}],"collection":[{"href":"https:\/\/www.kumkoybeachresort.com\/index.php\/wp-json\/wp\/v2\/pages"}],"about":[{"href":"https:\/\/www.kumkoybeachresort.com\/index.php\/wp-json\/wp\/v2\/types\/page"}],"author":[{"embeddable":true,"href":"https:\/\/www.kumkoybeachresort.com\/index.php\/wp-json\/wp\/v2\/users\/1"}],"replies":[{"embeddable":true,"href":"https:\/\/www.kumkoybeachresort.com\/index.php\/wp-json\/wp\/v2\/comments?post=6172"}],"version-history":[{"count":7,"href":"https:\/\/www.kumkoybeachresort.com\/index.php\/wp-json\/wp\/v2\/pages\/6172\/revisions"}],"predecessor-version":[{"id":6184,"href":"https:\/\/www.kumkoybeachresort.com\/index.php\/wp-json\/wp\/v2\/pages\/6172\/revisions\/6184"}],"wp:attachment":[{"href":"https:\/\/www.kumkoybeachresort.com\/index.php\/wp-json\/wp\/v2\/media?parent=6172"}],"curies":[{"name":"wp","href":"https:\/\/api.w.org\/{rel}","templated":true}]}}