{"id":6133,"date":"2024-10-02T14:53:18","date_gmt":"2024-10-02T11:53:18","guid":{"rendered":"https:\/\/www.kumkoybeachresort.com\/?page_id=6133"},"modified":"2025-04-23T14:39:18","modified_gmt":"2025-04-23T11:39:18","slug":"cocuk-genc","status":"publish","type":"page","link":"https:\/\/www.kumkoybeachresort.com\/index.php\/cocuk-genc\/","title":{"rendered":"\u00c7ocuk &#038; Gen\u00e7"},"content":{"rendered":"\t\t<div data-elementor-type=\"wp-page\" data-elementor-id=\"6133\" class=\"elementor elementor-6133\">\n\t\t\t\t<div class=\"elementor-element elementor-element-621b68a e-flex e-con-boxed e-con e-parent\" data-id=\"621b68a\" data-element_type=\"container\" data-e-type=\"container\">\n\t\t\t\t\t<div class=\"e-con-inner\">\n\t\t\t\t<div class=\"elementor-element elementor-element-d2e4c12 elementor-align-center elementor-widget elementor-widget-heading\" data-id=\"d2e4c12\" data-element_type=\"widget\" data-e-type=\"widget\" data-widget_type=\"heading.default\">\n\t\t\t\t<div class=\"elementor-widget-container\">\n\t\t\t\t\t<div class=\"heading-decor\"><svg aria-hidden=\"true\" class=\"e-font-icon-svg e-fas-sun\" viewBox=\"0 0 512 512\" xmlns=\"http:\/\/www.w3.org\/2000\/svg\"><path d=\"M256 160c-52.9 0-96 43.1-96 96s43.1 96 96 96 96-43.1 96-96-43.1-96-96-96zm246.4 80.5l-94.7-47.3 33.5-100.4c4.5-13.6-8.4-26.5-21.9-21.9l-100.4 33.5-47.4-94.8c-6.4-12.8-24.6-12.8-31 0l-47.3 94.7L92.7 70.8c-13.6-4.5-26.5 8.4-21.9 21.9l33.5 100.4-94.7 47.4c-12.8 6.4-12.8 24.6 0 31l94.7 47.3-33.5 100.5c-4.5 13.6 8.4 26.5 21.9 21.9l100.4-33.5 47.3 94.7c6.4 12.8 24.6 12.8 31 0l47.3-94.7 100.4 33.5c13.6 4.5 26.5-8.4 21.9-21.9l-33.5-100.4 94.7-47.3c13-6.5 13-24.7.2-31.1zm-155.9 106c-49.9 49.9-131.1 49.9-181 0-49.9-49.9-49.9-131.1 0-181 49.9-49.9 131.1-49.9 181 0 49.9 49.9 49.9 131.1 0 181z\"><\/path><\/svg><\/div><span class=\"sub-title\">sun\u0131s kumk\u00f6y beach resort hotel & SPA<\/span><h2 class=\"elementor-heading-title elementor-size-default\">\u00c7ocuk & Gen\u00e7<\/h2>\t\t\t\t<\/div>\n\t\t\t\t<\/div>\n\t\t\t\t\t<\/div>\n\t\t\t\t<\/div>\n\t\t<div class=\"elementor-element elementor-element-b80184d e-flex e-con-boxed e-con e-parent\" data-id=\"b80184d\" data-element_type=\"container\" data-e-type=\"container\">\n\t\t\t\t\t<div class=\"e-con-inner\">\n\t\t\t\t<div class=\"elementor-element elementor-element-75407d4 elementor-widget elementor-widget-text-editor\" data-id=\"75407d4\" data-element_type=\"widget\" data-e-type=\"widget\" data-widget_type=\"text-editor.default\">\n\t\t\t\t<div class=\"elementor-widget-container\">\n\t\t\t\t\t        <div class=\"elementor-text-editor elementor-clearfix\"><p style=\"text-align: center;\"><span style=\"color: #000000;\"><strong>\u00c7OCUK KUL\u00dcB\u00dc<\/strong><\/span><\/p>\n<p style=\"text-align: center;\"><span style=\"color: #000000;\">Tatilde doyas\u0131ya e\u011flenmek minik misafirlerimizin de hakk\u0131! Minik misafirlerimiz i\u00e7in \u00f6zel olarak haz\u0131rlanm\u0131\u015f <strong>su kayd\u0131rakl\u0131 havuzumuzda<\/strong> ve <strong>oyun park\u0131m\u0131zda<\/strong> \u00e7ocuklar\u0131n\u0131zla beraber g\u00f6n\u00fcl rahatl\u0131\u011f\u0131 ile e\u011flenebilirsiniz.<\/span><\/p>\n<p style=\"text-align: center;\"><span style=\"color: #000000;\"><strong> \u00c7ocuklar<\/strong>, tatil boyunca ne\u015feli ve e\u011flenceli anlar ya\u015farken aileler ba\u015f ba\u015fa kalman\u0131n tad\u0131n\u0131 \u00e7\u0131kar\u0131yor. <strong>Anti-bakteriyel zemin<\/strong> ile donat\u0131lm\u0131\u015f \u00e7ocuk kul\u00fcb\u00fcm\u00fczde minik misafirlerimizi g\u00fcn boyu birbirinden e\u011flenceli <strong>aktiviteler<\/strong> bekliyor.<\/span><\/p>\n<h6 style=\"text-align: center;\"><strong><span style=\"color: #000000;\">JUNIOR CLUB<br><\/span><\/strong><strong>(TEMMUZ-A\u011eUSTOS)<\/strong><\/h6>\n\n<p style=\"text-align: center;\"><span style=\"color: #000000;\"><strong>13-16 ya\u015f<\/strong> aras\u0131 gen\u00e7ler de tatil boyunca kendileri i\u00e7in yap\u0131lan <strong>\u00f6zel aktivitelerle<\/strong> tatilin tad\u0131n\u0131 \u00e7\u0131karacaklar.<\/span><\/p><\/div>\n        \t\t\t\t<\/div>\n\t\t\t\t<\/div>\n\t\t\t\t\t<\/div>\n\t\t\t\t<\/div>\n\t\t<div class=\"elementor-element elementor-element-6b9bae2 e-flex e-con-boxed e-con e-parent\" data-id=\"6b9bae2\" data-element_type=\"container\" data-e-type=\"container\">\n\t\t\t\t\t<div class=\"e-con-inner\">\n\t\t\t\t<div class=\"elementor-element elementor-element-2ad505c elementor-arrows-position-inside elementor-pagination-position-outside elementor-widget elementor-widget-image-carousel\" data-id=\"2ad505c\" data-element_type=\"widget\" data-e-type=\"widget\" data-settings=\"{&quot;navigation&quot;:&quot;both&quot;,&quot;autoplay&quot;:&quot;yes&quot;,&quot;pause_on_hover&quot;:&quot;yes&quot;,&quot;pause_on_interaction&quot;:&quot;yes&quot;,&quot;autoplay_speed&quot;:5000,&quot;infinite&quot;:&quot;yes&quot;,&quot;speed&quot;:500}\" data-widget_type=\"image-carousel.default\">\n\t\t\t\t<div class=\"elementor-widget-container\">\n\t\t\t\t\t\t\t<div class=\"elementor-image-carousel-wrapper swiper\" role=\"region\" aria-roledescription=\"carousel\" aria-label=\"Resim D\u00f6ng\u00fcs\u00fc\" dir=\"ltr\">\n\t\t\t<div class=\"elementor-image-carousel swiper-wrapper\" aria-live=\"off\">\n\t\t\t\t\t\t\t\t<div class=\"swiper-slide\" role=\"group\" aria-roledescription=\"slide\" aria-label=\"1 \/ 3\"><figure class=\"swiper-slide-inner\"><img decoding=\"async\" class=\"swiper-slide-image\" src=\"https:\/\/www.kumkoybeachresort.com\/wp-content\/uploads\/2024\/10\/GIRIS-SLAYT-1536x1024.jpg\" alt=\"cocuk-genc-1\" \/><\/figure><\/div><div class=\"swiper-slide\" role=\"group\" aria-roledescription=\"slide\" aria-label=\"2 \/ 3\"><figure class=\"swiper-slide-inner\"><img decoding=\"async\" class=\"swiper-slide-image\" src=\"https:\/\/www.kumkoybeachresort.com\/wp-content\/uploads\/2024\/10\/Ekran-Resmi-2024-10-02-14.55.14-1536x921.png\" alt=\"cocuk-genc-3\" \/><\/figure><\/div><div class=\"swiper-slide\" role=\"group\" aria-roledescription=\"slide\" aria-label=\"3 \/ 3\"><figure class=\"swiper-slide-inner\"><img decoding=\"async\" class=\"swiper-slide-image\" src=\"https:\/\/www.kumkoybeachresort.com\/wp-content\/uploads\/2024\/10\/GIRIS-SLAYT-2-1536x1024.jpg\" alt=\"cocuk-genc-2\" \/><\/figure><\/div>\t\t\t<\/div>\n\t\t\t\t\t\t\t\t\t\t\t\t<div class=\"elementor-swiper-button elementor-swiper-button-prev\" role=\"button\" tabindex=\"0\">\n\t\t\t\t\t\t<svg aria-hidden=\"true\" class=\"e-font-icon-svg e-eicon-chevron-left\" viewBox=\"0 0 1000 1000\" xmlns=\"http:\/\/www.w3.org\/2000\/svg\"><path d=\"M646 125C629 125 613 133 604 142L308 442C296 454 292 471 292 487 292 504 296 521 308 533L604 854C617 867 629 875 646 875 663 875 679 871 692 858 704 846 713 829 713 812 713 796 708 779 692 767L438 487 692 225C700 217 708 204 708 187 708 171 704 154 692 142 675 129 663 125 646 125Z\"><\/path><\/svg>\t\t\t\t\t<\/div>\n\t\t\t\t\t<div class=\"elementor-swiper-button elementor-swiper-button-next\" role=\"button\" tabindex=\"0\">\n\t\t\t\t\t\t<svg aria-hidden=\"true\" class=\"e-font-icon-svg e-eicon-chevron-right\" viewBox=\"0 0 1000 1000\" xmlns=\"http:\/\/www.w3.org\/2000\/svg\"><path d=\"M696 533C708 521 713 504 713 487 713 471 708 454 696 446L400 146C388 133 375 125 354 125 338 125 325 129 313 142 300 154 292 171 292 187 292 204 296 221 308 233L563 492 304 771C292 783 288 800 288 817 288 833 296 850 308 863 321 871 338 875 354 875 371 875 388 867 400 854L696 533Z\"><\/path><\/svg>\t\t\t\t\t<\/div>\n\t\t\t\t\n\t\t\t\t\t\t\t\t\t<div class=\"swiper-pagination\"><\/div>\n\t\t\t\t\t\t\t\t\t<\/div>\n\t\t\t\t\t\t<\/div>\n\t\t\t\t<\/div>\n\t\t\t\t\t<\/div>\n\t\t\t\t<\/div>\n\t\t\t\t<\/div>\n\t\t","protected":false},"excerpt":{"rendered":"<p>sun\u0131s kumk\u00f6y beach resort hotel &#038; SPA \u00c7ocuk &#038; Gen\u00e7 \u00c7OCUK KUL\u00dcB\u00dc Tatilde doyas\u0131ya e\u011flenmek minik misafirlerimizin de hakk\u0131! Minik misafirlerimiz i\u00e7in \u00f6zel olarak haz\u0131rlanm\u0131\u015f su kayd\u0131rakl\u0131 havuzumuzda ve oyun park\u0131m\u0131zda \u00e7ocuklar\u0131n\u0131zla beraber g\u00f6n\u00fcl rahatl\u0131\u011f\u0131 ile e\u011flenebilirsiniz. \u00c7ocuklar, tatil boyunca ne\u015feli ve e\u011flenceli anlar ya\u015farken aileler ba\u015f ba\u015fa kalman\u0131n tad\u0131n\u0131 \u00e7\u0131kar\u0131yor. Anti-bakteriyel zemin ile donat\u0131lm\u0131\u015f &hellip; <span class=\"more-link-wrap\"><a href=\"https:\/\/www.kumkoybeachresort.com\/index.php\/cocuk-genc\/\" class=\"more-link\">Read More <span class=\"screen-reader-text\"> &#8220;\u00c7ocuk &#038; Gen\u00e7&#8221;<\/span><\/a><\/span><\/p>\n","protected":false},"author":1,"featured_media":0,"parent":0,"menu_order":0,"comment_status":"closed","ping_status":"closed","template":"","meta":{"inline_featured_image":false,"footnotes":""},"class_list":["post-6133","page","type-page","status-publish","hentry"],"_links":{"self":[{"href":"https:\/\/www.kumkoybeachresort.com\/index.php\/wp-json\/wp\/v2\/pages\/6133","targetHints":{"allow":["GET"]}}],"collection":[{"href":"https:\/\/www.kumkoybeachresort.com\/index.php\/wp-json\/wp\/v2\/pages"}],"about":[{"href":"https:\/\/www.kumkoybeachresort.com\/index.php\/wp-json\/wp\/v2\/types\/page"}],"author":[{"embeddable":true,"href":"https:\/\/www.kumkoybeachresort.com\/index.php\/wp-json\/wp\/v2\/users\/1"}],"replies":[{"embeddable":true,"href":"https:\/\/www.kumkoybeachresort.com\/index.php\/wp-json\/wp\/v2\/comments?post=6133"}],"version-history":[{"count":17,"href":"https:\/\/www.kumkoybeachresort.com\/index.php\/wp-json\/wp\/v2\/pages\/6133\/revisions"}],"predecessor-version":[{"id":7406,"href":"https:\/\/www.kumkoybeachresort.com\/index.php\/wp-json\/wp\/v2\/pages\/6133\/revisions\/7406"}],"wp:attachment":[{"href":"https:\/\/www.kumkoybeachresort.com\/index.php\/wp-json\/wp\/v2\/media?parent=6133"}],"curies":[{"name":"wp","href":"https:\/\/api.w.org\/{rel}","templated":true}]}}