{"id":6115,"date":"2024-10-02T14:30:57","date_gmt":"2024-10-02T11:30:57","guid":{"rendered":"https:\/\/www.kumkoybeachresort.com\/?page_id=6115"},"modified":"2025-01-13T11:27:28","modified_gmt":"2025-01-13T08:27:28","slug":"yiyecek-icecek","status":"publish","type":"page","link":"https:\/\/www.kumkoybeachresort.com\/index.php\/yiyecek-icecek\/","title":{"rendered":"Yiyecek &#038; \u0130\u00e7ecek"},"content":{"rendered":"\t\t<div data-elementor-type=\"wp-page\" data-elementor-id=\"6115\" class=\"elementor elementor-6115\">\n\t\t\t\t<div class=\"elementor-element elementor-element-aac1369 e-flex e-con-boxed e-con e-parent\" data-id=\"aac1369\" data-element_type=\"container\" data-e-type=\"container\">\n\t\t\t\t\t<div class=\"e-con-inner\">\n\t\t\t\t<div class=\"elementor-element elementor-element-e158221 elementor-align-center elementor-widget elementor-widget-heading\" data-id=\"e158221\" data-element_type=\"widget\" data-e-type=\"widget\" data-widget_type=\"heading.default\">\n\t\t\t\t<div class=\"elementor-widget-container\">\n\t\t\t\t\t<div class=\"heading-decor\"><svg aria-hidden=\"true\" class=\"e-font-icon-svg e-fas-sun\" viewBox=\"0 0 512 512\" xmlns=\"http:\/\/www.w3.org\/2000\/svg\"><path d=\"M256 160c-52.9 0-96 43.1-96 96s43.1 96 96 96 96-43.1 96-96-43.1-96-96-96zm246.4 80.5l-94.7-47.3 33.5-100.4c4.5-13.6-8.4-26.5-21.9-21.9l-100.4 33.5-47.4-94.8c-6.4-12.8-24.6-12.8-31 0l-47.3 94.7L92.7 70.8c-13.6-4.5-26.5 8.4-21.9 21.9l33.5 100.4-94.7 47.4c-12.8 6.4-12.8 24.6 0 31l94.7 47.3-33.5 100.5c-4.5 13.6 8.4 26.5 21.9 21.9l100.4-33.5 47.3 94.7c6.4 12.8 24.6 12.8 31 0l47.3-94.7 100.4 33.5c13.6 4.5 26.5-8.4 21.9-21.9l-33.5-100.4 94.7-47.3c13-6.5 13-24.7.2-31.1zm-155.9 106c-49.9 49.9-131.1 49.9-181 0-49.9-49.9-49.9-131.1 0-181 49.9-49.9 131.1-49.9 181 0 49.9 49.9 49.9 131.1 0 181z\"><\/path><\/svg><\/div><span class=\"sub-title\">sun\u0131s kumkoy beach resort<\/span><h2 class=\"elementor-heading-title elementor-size-default\">D\u00fcnya Mutfa\u011f\u0131 & E\u015fsiz \u0130\u00e7ecekler<\/h2>\t\t\t\t<\/div>\n\t\t\t\t<\/div>\n\t\t\t\t\t<\/div>\n\t\t\t\t<\/div>\n\t\t<div class=\"elementor-element elementor-element-9b72ef7 e-flex e-con-boxed e-con e-parent\" data-id=\"9b72ef7\" data-element_type=\"container\" data-e-type=\"container\">\n\t\t\t\t\t<div class=\"e-con-inner\">\n\t\t\t\t<div class=\"elementor-element elementor-element-ba14886 elementor-widget elementor-widget-text-editor\" data-id=\"ba14886\" data-element_type=\"widget\" data-e-type=\"widget\" data-widget_type=\"text-editor.default\">\n\t\t\t\t<div class=\"elementor-widget-container\">\n\t\t\t\t\t        <div class=\"elementor-text-editor elementor-clearfix\"><p style=\"text-align: center;\"><span style=\"color: #000000;\"><strong>Sunis Kumk\u00f6y Beach Resort<\/strong>\u2019te <strong>D\u00fcnya Mutfa\u011f\u0131<\/strong> ve <strong>e\u015fsiz i\u00e7ecekler<\/strong> ile unutulmaz bir tatil deneyimi sizleri bekliyor!<\/span><\/p><p style=\"text-align: center;\"><span style=\"color: #000000;\">Usta \u015feflerin \u00f6zenle haz\u0131rlad\u0131\u011f\u0131 <strong>uluslararas\u0131 lezzetlerle<\/strong>, d\u00fcnya mutfaklar\u0131n\u0131 tek bir \u00e7at\u0131 alt\u0131nda ke\u015ffetme f\u0131rsat\u0131 bulacaks\u0131n\u0131z. \u0130ster <strong>Akdeniz mutfa\u011f\u0131n\u0131n<\/strong> taze ve hafif dokunu\u015flar\u0131n\u0131 tercih edin, ister Uzak Do\u011fu\u2019nun <strong>egzotik tatlar\u0131n\u0131<\/strong> deneyimleyin; her damak tad\u0131na uygun se\u00e7enekler burada.<\/span><\/p><p style=\"text-align: center;\"><span style=\"color: #000000;\"><strong>Sunis Kumk\u00f6y<\/strong>\u2019\u00fcn zarif restoranlar\u0131nda, ferahlat\u0131c\u0131 i\u00e7eceklerle yemeklerinizi ta\u00e7land\u0131rabilir ve Akdeniz\u2019in muhte\u015fem manzaras\u0131na kar\u015f\u0131 keyif yapabilirsiniz. Barlar\u0131m\u0131zda sunulan kokteyller ve \u00f6zel i\u00e7ecekler, her yudumda size farkl\u0131 bir tat deneyimi ya\u015fatacak.<\/span><\/p><p style=\"text-align: center;\"><span style=\"color: #000000;\">Lezzet dolu bu deneyimi ka\u00e7\u0131rmay\u0131n ve <strong>Sunis Kumk\u00f6y Beach Resort<\/strong>\u2019te hem tatilin hem de d\u00fcnya mutfa\u011f\u0131n\u0131n tad\u0131n\u0131 \u00e7\u0131kar\u0131n!<\/span><\/p><\/div>\n        \t\t\t\t<\/div>\n\t\t\t\t<\/div>\n\t\t\t\t\t<\/div>\n\t\t\t\t<\/div>\n\t\t<div class=\"elementor-element elementor-element-23e4f64 e-flex e-con-boxed e-con e-parent\" data-id=\"23e4f64\" data-element_type=\"container\" data-e-type=\"container\">\n\t\t\t\t\t<div class=\"e-con-inner\">\n\t\t\t\t<div class=\"elementor-element elementor-element-194790c elementor-arrows-position-inside elementor-pagination-position-outside elementor-widget elementor-widget-image-carousel\" data-id=\"194790c\" data-element_type=\"widget\" data-e-type=\"widget\" data-settings=\"{&quot;navigation&quot;:&quot;both&quot;,&quot;autoplay&quot;:&quot;yes&quot;,&quot;pause_on_hover&quot;:&quot;yes&quot;,&quot;pause_on_interaction&quot;:&quot;yes&quot;,&quot;autoplay_speed&quot;:5000,&quot;infinite&quot;:&quot;yes&quot;,&quot;speed&quot;:500}\" data-widget_type=\"image-carousel.default\">\n\t\t\t\t<div class=\"elementor-widget-container\">\n\t\t\t\t\t\t\t<div class=\"elementor-image-carousel-wrapper swiper\" role=\"region\" aria-roledescription=\"carousel\" aria-label=\"Resim D\u00f6ng\u00fcs\u00fc\" dir=\"ltr\">\n\t\t\t<div class=\"elementor-image-carousel swiper-wrapper\" aria-live=\"off\">\n\t\t\t\t\t\t\t\t<div class=\"swiper-slide\" role=\"group\" aria-roledescription=\"slide\" aria-label=\"1 \/ 5\"><figure class=\"swiper-slide-inner\"><img decoding=\"async\" class=\"swiper-slide-image\" src=\"https:\/\/www.kumkoybeachresort.com\/wp-content\/uploads\/2024\/10\/CTM0050-1536x1024.jpg\" alt=\"_CTM0050\" \/><\/figure><\/div><div class=\"swiper-slide\" role=\"group\" aria-roledescription=\"slide\" aria-label=\"2 \/ 5\"><figure class=\"swiper-slide-inner\"><img decoding=\"async\" class=\"swiper-slide-image\" src=\"https:\/\/www.kumkoybeachresort.com\/wp-content\/uploads\/2024\/10\/CTM0054-1536x1024.jpg\" alt=\"_CTM0054\" \/><\/figure><\/div><div class=\"swiper-slide\" role=\"group\" aria-roledescription=\"slide\" aria-label=\"3 \/ 5\"><figure class=\"swiper-slide-inner\"><img decoding=\"async\" class=\"swiper-slide-image\" src=\"https:\/\/www.kumkoybeachresort.com\/wp-content\/uploads\/2024\/10\/CTM0053-1536x1024.jpg\" alt=\"_CTM0053\" \/><\/figure><\/div><div class=\"swiper-slide\" role=\"group\" aria-roledescription=\"slide\" aria-label=\"4 \/ 5\"><figure class=\"swiper-slide-inner\"><img decoding=\"async\" class=\"swiper-slide-image\" src=\"https:\/\/www.kumkoybeachresort.com\/wp-content\/uploads\/2024\/10\/CTM0081-1536x1024.jpg\" alt=\"_CTM0081\" \/><\/figure><\/div><div class=\"swiper-slide\" role=\"group\" aria-roledescription=\"slide\" aria-label=\"5 \/ 5\"><figure class=\"swiper-slide-inner\"><img decoding=\"async\" class=\"swiper-slide-image\" src=\"https:\/\/www.kumkoybeachresort.com\/wp-content\/uploads\/2024\/10\/CTM0034-1536x1024.jpg\" alt=\"_CTM0034\" \/><\/figure><\/div>\t\t\t<\/div>\n\t\t\t\t\t\t\t\t\t\t\t\t<div class=\"elementor-swiper-button elementor-swiper-button-prev\" role=\"button\" tabindex=\"0\">\n\t\t\t\t\t\t<svg aria-hidden=\"true\" class=\"e-font-icon-svg e-eicon-chevron-left\" viewBox=\"0 0 1000 1000\" xmlns=\"http:\/\/www.w3.org\/2000\/svg\"><path d=\"M646 125C629 125 613 133 604 142L308 442C296 454 292 471 292 487 292 504 296 521 308 533L604 854C617 867 629 875 646 875 663 875 679 871 692 858 704 846 713 829 713 812 713 796 708 779 692 767L438 487 692 225C700 217 708 204 708 187 708 171 704 154 692 142 675 129 663 125 646 125Z\"><\/path><\/svg>\t\t\t\t\t<\/div>\n\t\t\t\t\t<div class=\"elementor-swiper-button elementor-swiper-button-next\" role=\"button\" tabindex=\"0\">\n\t\t\t\t\t\t<svg aria-hidden=\"true\" class=\"e-font-icon-svg e-eicon-chevron-right\" viewBox=\"0 0 1000 1000\" xmlns=\"http:\/\/www.w3.org\/2000\/svg\"><path d=\"M696 533C708 521 713 504 713 487 713 471 708 454 696 446L400 146C388 133 375 125 354 125 338 125 325 129 313 142 300 154 292 171 292 187 292 204 296 221 308 233L563 492 304 771C292 783 288 800 288 817 288 833 296 850 308 863 321 871 338 875 354 875 371 875 388 867 400 854L696 533Z\"><\/path><\/svg>\t\t\t\t\t<\/div>\n\t\t\t\t\n\t\t\t\t\t\t\t\t\t<div class=\"swiper-pagination\"><\/div>\n\t\t\t\t\t\t\t\t\t<\/div>\n\t\t\t\t\t\t<\/div>\n\t\t\t\t<\/div>\n\t\t\t\t\t<\/div>\n\t\t\t\t<\/div>\n\t\t\t\t<\/div>\n\t\t","protected":false},"excerpt":{"rendered":"<p>sun\u0131s kumkoy beach resort D\u00fcnya Mutfa\u011f\u0131 &amp; E\u015fsiz \u0130\u00e7ecekler Sunis Kumk\u00f6y Beach Resort\u2019te D\u00fcnya Mutfa\u011f\u0131 ve e\u015fsiz i\u00e7ecekler ile unutulmaz bir tatil deneyimi sizleri bekliyor! Usta \u015feflerin \u00f6zenle haz\u0131rlad\u0131\u011f\u0131 uluslararas\u0131 lezzetlerle, d\u00fcnya mutfaklar\u0131n\u0131 tek bir \u00e7at\u0131 alt\u0131nda ke\u015ffetme f\u0131rsat\u0131 bulacaks\u0131n\u0131z. \u0130ster Akdeniz mutfa\u011f\u0131n\u0131n taze ve hafif dokunu\u015flar\u0131n\u0131 tercih edin, ister Uzak Do\u011fu\u2019nun egzotik tatlar\u0131n\u0131 deneyimleyin; &hellip; <span class=\"more-link-wrap\"><a href=\"https:\/\/www.kumkoybeachresort.com\/index.php\/yiyecek-icecek\/\" class=\"more-link\">Read More <span class=\"screen-reader-text\"> &#8220;Yiyecek &#038; \u0130\u00e7ecek&#8221;<\/span><\/a><\/span><\/p>\n","protected":false},"author":1,"featured_media":0,"parent":0,"menu_order":0,"comment_status":"closed","ping_status":"closed","template":"","meta":{"inline_featured_image":false,"footnotes":""},"class_list":["post-6115","page","type-page","status-publish","hentry"],"_links":{"self":[{"href":"https:\/\/www.kumkoybeachresort.com\/index.php\/wp-json\/wp\/v2\/pages\/6115","targetHints":{"allow":["GET"]}}],"collection":[{"href":"https:\/\/www.kumkoybeachresort.com\/index.php\/wp-json\/wp\/v2\/pages"}],"about":[{"href":"https:\/\/www.kumkoybeachresort.com\/index.php\/wp-json\/wp\/v2\/types\/page"}],"author":[{"embeddable":true,"href":"https:\/\/www.kumkoybeachresort.com\/index.php\/wp-json\/wp\/v2\/users\/1"}],"replies":[{"embeddable":true,"href":"https:\/\/www.kumkoybeachresort.com\/index.php\/wp-json\/wp\/v2\/comments?post=6115"}],"version-history":[{"count":4,"href":"https:\/\/www.kumkoybeachresort.com\/index.php\/wp-json\/wp\/v2\/pages\/6115\/revisions"}],"predecessor-version":[{"id":6128,"href":"https:\/\/www.kumkoybeachresort.com\/index.php\/wp-json\/wp\/v2\/pages\/6115\/revisions\/6128"}],"wp:attachment":[{"href":"https:\/\/www.kumkoybeachresort.com\/index.php\/wp-json\/wp\/v2\/media?parent=6115"}],"curies":[{"name":"wp","href":"https:\/\/api.w.org\/{rel}","templated":true}]}}