{"id":5769,"date":"2024-09-26T14:47:29","date_gmt":"2024-09-26T11:47:29","guid":{"rendered":"https:\/\/www.kumkoybeachresort.com\/?page_id=5769"},"modified":"2025-01-13T11:26:57","modified_gmt":"2025-01-13T08:26:57","slug":"odul-sertifikalarimiz","status":"publish","type":"page","link":"https:\/\/www.kumkoybeachresort.com\/index.php\/odul-sertifikalarimiz\/","title":{"rendered":"\u00d6d\u00fcl &#038; Sertifikalar\u0131m\u0131z"},"content":{"rendered":"\t\t<div data-elementor-type=\"wp-page\" data-elementor-id=\"5769\" class=\"elementor elementor-5769\">\n\t\t\t\t\t\t<section class=\"elementor-section elementor-top-section elementor-element elementor-element-e5ab43f elementor-section-stretched elementor-section-boxed elementor-section-height-default elementor-section-height-default\" data-id=\"e5ab43f\" data-element_type=\"section\" data-e-type=\"section\" data-settings=\"{&quot;stretch_section&quot;:&quot;section-stretched&quot;}\">\n\t\t\t\t\t\t<div class=\"elementor-container elementor-column-gap-no\">\n\t\t\t\t\t<div class=\"elementor-column elementor-col-100 elementor-top-column elementor-element elementor-element-b4b00ad\" data-id=\"b4b00ad\" data-element_type=\"column\" data-e-type=\"column\">\n\t\t\t<div class=\"elementor-widget-wrap elementor-element-populated\">\n\t\t\t\t\t\t<div class=\"elementor-element elementor-element-2892b0f elementor-filter-center elementor-widget elementor-widget-opal-image-gallery\" data-id=\"2892b0f\" data-element_type=\"widget\" data-e-type=\"widget\" data-widget_type=\"opal-image-gallery.default\">\n\t\t\t\t<div class=\"elementor-widget-container\">\n\t\t\t\t\t            <ul class=\"elementor-galerry__filters\"\n                data-related=\"isotope-2892b0f\">\n                <li class=\"elementor-galerry__filter elementor-active\"\n                    data-filter=\".__all\">All<\/li>\n                                    <li class=\"elementor-galerry__filter\"\n                        data-filter=\".gallery_group_0\">\u00d6d\u00fcllerimiz<\/li>\n                                    <li class=\"elementor-galerry__filter\"\n                        data-filter=\".gallery_group_1\">Sertifikalar\u0131m\u0131z<\/li>\n                            <\/ul>\n                    <div class=\"elementor-opal-image-gallery\">\n                        <div class=\"row grid gallery-visibility isotope-grid\" data-elementor-columns=\"5\" data-elementor-columns-tablet=\"2\" data-elementor-columns-mobile=\"2\">\n                                        <div class=\"column-item grid__item masonry-item __all gallery_group_0\">\n                            <a data-elementor-open-lightbox=\"no\"                                href=\"https:\/\/www.kumkoybeachresort.com\/wp-content\/uploads\/2024\/11\/expedia-2018.png\">\n                                <img decoding=\"async\" src=\"https:\/\/www.kumkoybeachresort.com\/wp-content\/uploads\/2024\/11\/expedia-2018-768x995.png\"\n                                     alt=\"Excellent 4.6\"\/>\n                                <div class=\"gallery-item-overlay\">\n                                    <i class=\"opal-icon-search\"><\/i>\n                                <\/div>\n                            <\/a>\n                        <\/div>\n                                                <div class=\"column-item grid__item masonry-item __all gallery_group_0\">\n                            <a data-elementor-open-lightbox=\"no\"                                href=\"https:\/\/www.kumkoybeachresort.com\/wp-content\/uploads\/2024\/11\/tui-top-2019.png\">\n                                <img decoding=\"async\" src=\"https:\/\/www.kumkoybeachresort.com\/wp-content\/uploads\/2024\/11\/tui-top-2019-768x1140.png\"\n                                     alt=\"tui-top 2019\"\/>\n                                <div class=\"gallery-item-overlay\">\n                                    <i class=\"opal-icon-search\"><\/i>\n                                <\/div>\n                            <\/a>\n                        <\/div>\n                                                <div class=\"column-item grid__item masonry-item __all gallery_group_0\">\n                            <a data-elementor-open-lightbox=\"no\"                                href=\"https:\/\/www.kumkoybeachresort.com\/wp-content\/uploads\/2024\/11\/Top-Hotel-Partner-2022.png\">\n                                <img decoding=\"async\" src=\"https:\/\/www.kumkoybeachresort.com\/wp-content\/uploads\/2024\/11\/Top-Hotel-Partner-2022-768x1090.png\"\n                                     alt=\"Top Hotel Partner 2022\"\/>\n                                <div class=\"gallery-item-overlay\">\n                                    <i class=\"opal-icon-search\"><\/i>\n                                <\/div>\n                            <\/a>\n                        <\/div>\n                                                <div class=\"column-item grid__item masonry-item __all gallery_group_0\">\n                            <a data-elementor-open-lightbox=\"no\"                                href=\"https:\/\/www.kumkoybeachresort.com\/wp-content\/uploads\/2024\/11\/4CjLcrPfDidh.png\">\n                                <img decoding=\"async\" src=\"https:\/\/www.kumkoybeachresort.com\/wp-content\/uploads\/2024\/11\/4CjLcrPfDidh-768x1090.png\"\n                                     alt=\"4CjLcrPfDidh\"\/>\n                                <div class=\"gallery-item-overlay\">\n                                    <i class=\"opal-icon-search\"><\/i>\n                                <\/div>\n                            <\/a>\n                        <\/div>\n                                                <div class=\"column-item grid__item masonry-item __all gallery_group_0\">\n                            <a data-elementor-open-lightbox=\"no\"                                href=\"https:\/\/www.kumkoybeachresort.com\/wp-content\/uploads\/2024\/11\/Sunis-Kumkoy-TripAdvisor-2018.jpg\">\n                                <img decoding=\"async\" src=\"https:\/\/www.kumkoybeachresort.com\/wp-content\/uploads\/2024\/11\/Sunis-Kumkoy-TripAdvisor-2018-768x768.jpg\"\n                                     alt=\"Sunis Kumko\u0308y TripAdvisor 2018\"\/>\n                                <div class=\"gallery-item-overlay\">\n                                    <i class=\"opal-icon-search\"><\/i>\n                                <\/div>\n                            <\/a>\n                        <\/div>\n                                                <div class=\"column-item grid__item masonry-item __all gallery_group_0\">\n                            <a data-elementor-open-lightbox=\"no\"                                href=\"https:\/\/www.kumkoybeachresort.com\/wp-content\/uploads\/2024\/11\/Booking-2020.png\">\n                                <img decoding=\"async\" src=\"https:\/\/www.kumkoybeachresort.com\/wp-content\/uploads\/2024\/11\/Booking-2020-768x544.png\"\n                                     alt=\"Booking 2020\"\/>\n                                <div class=\"gallery-item-overlay\">\n                                    <i class=\"opal-icon-search\"><\/i>\n                                <\/div>\n                            <\/a>\n                        <\/div>\n                                                <div class=\"column-item grid__item masonry-item __all gallery_group_1\">\n                            <a data-elementor-open-lightbox=\"no\"                                href=\"https:\/\/www.kumkoybeachresort.com\/wp-content\/uploads\/2019\/08\/Enerji-Politikamiz-1.jpeg\">\n                                <img decoding=\"async\" src=\"https:\/\/www.kumkoybeachresort.com\/wp-content\/uploads\/2019\/08\/Enerji-Politikamiz-1-768x1072.jpeg\"\n                                     alt=\"Enerji Politikam\u0131z\"\/>\n                                <div class=\"gallery-item-overlay\">\n                                    <i class=\"opal-icon-search\"><\/i>\n                                <\/div>\n                            <\/a>\n                        <\/div>\n                                                <div class=\"column-item grid__item masonry-item __all gallery_group_1\">\n                            <a data-elementor-open-lightbox=\"no\"                                href=\"https:\/\/www.kumkoybeachresort.com\/wp-content\/uploads\/2019\/08\/Surdurulebilirlik-Politikasi-1-scaled.jpg\">\n                                <img decoding=\"async\" src=\"https:\/\/www.kumkoybeachresort.com\/wp-content\/uploads\/2019\/08\/Surdurulebilirlik-Politikasi-1-768x1072.jpg\"\n                                     alt=\"S\u00fcrd\u00fcr\u00fclebilirlik Politikas\u0131\"\/>\n                                <div class=\"gallery-item-overlay\">\n                                    <i class=\"opal-icon-search\"><\/i>\n                                <\/div>\n                            <\/a>\n                        <\/div>\n                                                <div class=\"column-item grid__item masonry-item __all gallery_group_1\">\n                            <a data-elementor-open-lightbox=\"no\"                                href=\"https:\/\/www.kumkoybeachresort.com\/wp-content\/uploads\/2019\/08\/Guvenli-Turizm-Sertifikasi_page-0001.jpg\">\n                                <img decoding=\"async\" src=\"https:\/\/www.kumkoybeachresort.com\/wp-content\/uploads\/2019\/08\/Guvenli-Turizm-Sertifikasi_page-0001-768x1086.jpg\"\n                                     alt=\"G\u00fcvenli Turizm Sertifikas\u0131_page-0001\"\/>\n                                <div class=\"gallery-item-overlay\">\n                                    <i class=\"opal-icon-search\"><\/i>\n                                <\/div>\n                            <\/a>\n                        <\/div>\n                                                <div class=\"column-item grid__item masonry-item __all gallery_group_1\">\n                            <a data-elementor-open-lightbox=\"no\"                                href=\"https:\/\/www.kumkoybeachresort.com\/wp-content\/uploads\/2019\/08\/Guvenli-Turizm-Sertifikasi_page-0002.jpg\">\n                                <img decoding=\"async\" src=\"https:\/\/www.kumkoybeachresort.com\/wp-content\/uploads\/2019\/08\/Guvenli-Turizm-Sertifikasi_page-0002-768x1086.jpg\"\n                                     alt=\"G\u00fcvenli Turizm Sertifikas\u0131_page-0002\"\/>\n                                <div class=\"gallery-item-overlay\">\n                                    <i class=\"opal-icon-search\"><\/i>\n                                <\/div>\n                            <\/a>\n                        <\/div>\n                                                <div class=\"column-item grid__item masonry-item __all gallery_group_1\">\n                            <a data-elementor-open-lightbox=\"no\"                                href=\"https:\/\/www.kumkoybeachresort.com\/wp-content\/uploads\/2024\/11\/Ekran-Resmi-2024-11-01-15.00.57.png\">\n                                <img decoding=\"async\" src=\"https:\/\/www.kumkoybeachresort.com\/wp-content\/uploads\/2024\/11\/Ekran-Resmi-2024-11-01-15.00.57.png\"\n                                     alt=\"Ekran Resmi 2024-11-01 15.00.57\"\/>\n                                <div class=\"gallery-item-overlay\">\n                                    <i class=\"opal-icon-search\"><\/i>\n                                <\/div>\n                            <\/a>\n                        <\/div>\n                                                <div class=\"column-item grid__item masonry-item __all gallery_group_1\">\n                            <a data-elementor-open-lightbox=\"no\"                                href=\"https:\/\/www.kumkoybeachresort.com\/wp-content\/uploads\/2024\/11\/Ekran-Resmi-2024-11-01-15.00.38.png\">\n                                <img decoding=\"async\" src=\"https:\/\/www.kumkoybeachresort.com\/wp-content\/uploads\/2024\/11\/Ekran-Resmi-2024-11-01-15.00.38.png\"\n                                     alt=\"Ekran Resmi 2024-11-01 15.00.38\"\/>\n                                <div class=\"gallery-item-overlay\">\n                                    <i class=\"opal-icon-search\"><\/i>\n                                <\/div>\n                            <\/a>\n                        <\/div>\n                                                <div class=\"column-item grid__item masonry-item __all gallery_group_1\">\n                            <a data-elementor-open-lightbox=\"no\"                                href=\"https:\/\/www.kumkoybeachresort.com\/wp-content\/uploads\/2019\/08\/Mavi-Bayrak-Sertifikasi_page-0001.jpg\">\n                                <img decoding=\"async\" src=\"https:\/\/www.kumkoybeachresort.com\/wp-content\/uploads\/2019\/08\/Mavi-Bayrak-Sertifikasi_page-0001-768x543.jpg\"\n                                     alt=\"Mavi Bayrak Sertifikas\u0131_page-0001\"\/>\n                                <div class=\"gallery-item-overlay\">\n                                    <i class=\"opal-icon-search\"><\/i>\n                                <\/div>\n                            <\/a>\n                        <\/div>\n                                                <div class=\"column-item grid__item masonry-item __all gallery_group_1\">\n                            <a data-elementor-open-lightbox=\"no\"                                href=\"https:\/\/www.kumkoybeachresort.com\/wp-content\/uploads\/2024\/11\/img6.jpg\">\n                                <img decoding=\"async\" src=\"https:\/\/www.kumkoybeachresort.com\/wp-content\/uploads\/2024\/11\/img6-768x543.jpg\"\n                                     alt=\"img6\"\/>\n                                <div class=\"gallery-item-overlay\">\n                                    <i class=\"opal-icon-search\"><\/i>\n                                <\/div>\n                            <\/a>\n                        <\/div>\n                                                <div class=\"column-item grid__item masonry-item __all gallery_group_1\">\n                            <a data-elementor-open-lightbox=\"no\"                                href=\"https:\/\/www.kumkoybeachresort.com\/wp-content\/uploads\/2024\/11\/Ekran-Resmi-2024-11-01-15.02.59.png\">\n                                <img decoding=\"async\" src=\"https:\/\/www.kumkoybeachresort.com\/wp-content\/uploads\/2024\/11\/Ekran-Resmi-2024-11-01-15.02.59-768x543.png\"\n                                     alt=\"iso-sertifika-kumkoy\"\/>\n                                <div class=\"gallery-item-overlay\">\n                                    <i class=\"opal-icon-search\"><\/i>\n                                <\/div>\n                            <\/a>\n                        <\/div>\n                                                <div class=\"column-item grid__item masonry-item __all gallery_group_1\">\n                            <a data-elementor-open-lightbox=\"no\"                                href=\"https:\/\/www.kumkoybeachresort.com\/wp-content\/uploads\/2024\/11\/Ekran-Resmi-2024-11-01-15.03.12.png\">\n                                <img decoding=\"async\" src=\"https:\/\/www.kumkoybeachresort.com\/wp-content\/uploads\/2024\/11\/Ekran-Resmi-2024-11-01-15.03.12-768x543.png\"\n                                     alt=\"iso-sertifika-kumkoy-beach\"\/>\n                                <div class=\"gallery-item-overlay\">\n                                    <i class=\"opal-icon-search\"><\/i>\n                                <\/div>\n                            <\/a>\n                        <\/div>\n                                                <div class=\"column-item grid__item masonry-item __all gallery_group_1\">\n                            <a data-elementor-open-lightbox=\"no\"                                href=\"https:\/\/www.kumkoybeachresort.com\/wp-content\/uploads\/2019\/08\/Sifir-Atik-Belgesi_page-0001.jpg\">\n                                <img decoding=\"async\" src=\"https:\/\/www.kumkoybeachresort.com\/wp-content\/uploads\/2019\/08\/Sifir-Atik-Belgesi_page-0001-768x543.jpg\"\n                                     alt=\"S\u0131f\u0131r At\u0131k Belgesi_page-0001\"\/>\n                                <div class=\"gallery-item-overlay\">\n                                    <i class=\"opal-icon-search\"><\/i>\n                                <\/div>\n                            <\/a>\n                        <\/div>\n                                    <\/div>\n        <\/div>\n        \t\t\t\t<\/div>\n\t\t\t\t<\/div>\n\t\t\t\t\t<\/div>\n\t\t<\/div>\n\t\t\t\t\t<\/div>\n\t\t<\/section>\n\t\t\t\t<\/div>\n\t\t","protected":false},"excerpt":{"rendered":"<p>All \u00d6d\u00fcllerimiz Sertifikalar\u0131m\u0131z<\/p>\n","protected":false},"author":1,"featured_media":0,"parent":0,"menu_order":0,"comment_status":"closed","ping_status":"closed","template":"","meta":{"inline_featured_image":false,"footnotes":""},"class_list":["post-5769","page","type-page","status-publish","hentry"],"_links":{"self":[{"href":"https:\/\/www.kumkoybeachresort.com\/index.php\/wp-json\/wp\/v2\/pages\/5769","targetHints":{"allow":["GET"]}}],"collection":[{"href":"https:\/\/www.kumkoybeachresort.com\/index.php\/wp-json\/wp\/v2\/pages"}],"about":[{"href":"https:\/\/www.kumkoybeachresort.com\/index.php\/wp-json\/wp\/v2\/types\/page"}],"author":[{"embeddable":true,"href":"https:\/\/www.kumkoybeachresort.com\/index.php\/wp-json\/wp\/v2\/users\/1"}],"replies":[{"embeddable":true,"href":"https:\/\/www.kumkoybeachresort.com\/index.php\/wp-json\/wp\/v2\/comments?post=5769"}],"version-history":[{"count":30,"href":"https:\/\/www.kumkoybeachresort.com\/index.php\/wp-json\/wp\/v2\/pages\/5769\/revisions"}],"predecessor-version":[{"id":7176,"href":"https:\/\/www.kumkoybeachresort.com\/index.php\/wp-json\/wp\/v2\/pages\/5769\/revisions\/7176"}],"wp:attachment":[{"href":"https:\/\/www.kumkoybeachresort.com\/index.php\/wp-json\/wp\/v2\/media?parent=5769"}],"curies":[{"name":"wp","href":"https:\/\/api.w.org\/{rel}","templated":true}]}}