{"id":1990,"date":"2019-12-07T06:42:55","date_gmt":"2019-12-07T06:42:55","guid":{"rendered":"http:\/\/source.wpopal.com\/erios\/?page_id=1990"},"modified":"2024-09-27T15:09:09","modified_gmt":"2024-09-27T12:09:09","slug":"rooms-chess-view","status":"publish","type":"page","link":"https:\/\/www.kumkoybeachresort.com\/index.php\/rooms-chess-view\/","title":{"rendered":"Rooms Chess View"},"content":{"rendered":"\t\t<div data-elementor-type=\"wp-page\" data-elementor-id=\"1990\" class=\"elementor elementor-1990\">\n\t\t\t\t\t\t<section class=\"elementor-section elementor-top-section elementor-element elementor-element-efe3b06 elementor-section-stretched elementor-section-boxed elementor-section-height-default elementor-section-height-default\" data-id=\"efe3b06\" data-element_type=\"section\" data-e-type=\"section\" data-settings=\"{&quot;stretch_section&quot;:&quot;section-stretched&quot;}\">\n\t\t\t\t\t\t<div class=\"elementor-container elementor-column-gap-no\">\n\t\t\t\t\t<div class=\"elementor-column elementor-col-100 elementor-top-column elementor-element elementor-element-ac0ca6a\" data-id=\"ac0ca6a\" data-element_type=\"column\" data-e-type=\"column\">\n\t\t\t<div class=\"elementor-widget-wrap elementor-element-populated\">\n\t\t\t\t\t\t<div class=\"elementor-element elementor-element-dbf0220 elementor-widget elementor-widget-opal-room\" data-id=\"dbf0220\" data-element_type=\"widget\" data-e-type=\"widget\" data-settings=\"{&quot;columns&quot;:&quot;1&quot;,&quot;columns_tablet&quot;:&quot;2&quot;,&quot;columns_mobile&quot;:&quot;1&quot;}\" data-widget_type=\"opal-room.default\">\n\t\t\t\t<div class=\"elementor-widget-container\">\n\t\t\t\t\t        <div class=\"elementor-post-wrapper\" id=\"isotope-dbf0220\">\n            <div class=\"isotope-grid row tp-hotel-booking room-style-3\" data-elementor-columns=\"1\" data-elementor-columns-tablet=\"2\" data-elementor-columns-mobile=\"1\">\n\n                <div class=\"column-item room-entries __all \"><article id=\"post-5819\" class=\"room post-5819 hb_room type-hb_room status-publish has-post-thumbnail hentry\">\n    <div class=\"room-inner\">\n        <div class=\"room-post-thumbnail\">\n                            <img fetchpriority=\"high\" decoding=\"async\" width=\"700\" height=\"394\" src=\"https:\/\/www.kumkoybeachresort.com\/wp-content\/uploads\/2024\/09\/king-suite-700x394.jpg\" class=\"attachment-erios-gallery-image size-erios-gallery-image wp-post-image\" alt=\"\" srcset=\"https:\/\/www.kumkoybeachresort.com\/wp-content\/uploads\/2024\/09\/king-suite-700x394.jpg 700w, https:\/\/www.kumkoybeachresort.com\/wp-content\/uploads\/2024\/09\/king-suite-300x169.jpg 300w, https:\/\/www.kumkoybeachresort.com\/wp-content\/uploads\/2024\/09\/king-suite-1024x576.jpg 1024w, https:\/\/www.kumkoybeachresort.com\/wp-content\/uploads\/2024\/09\/king-suite-768x432.jpg 768w, https:\/\/www.kumkoybeachresort.com\/wp-content\/uploads\/2024\/09\/king-suite-1536x864.jpg 1536w, https:\/\/www.kumkoybeachresort.com\/wp-content\/uploads\/2024\/09\/king-suite.jpg 1920w\" sizes=\"(max-width: 700px) 100vw, 700px\" \/>                    <\/div><!-- .post-thumbnail -->\n        <div class=\"room-content\">\n            <div class=\"room-content-inner\">\n                \n                <div class=\"room-description\">\n                    95 m\u00b2 alana sahip King Suit odalar\u0131m\u0131z, 2 yatak odas\u0131 ve 1 oturma odas\u0131ndan olu\u015fmaktad\u0131r. 1 \u00c7ift Ki\u015filik ve 2 Tek Ki\u015filik Yatak vard\u0131r. King Suit\u00a0odalar\u0131m\u0131zda; uydu yay\u0131nl\u0131 3 LCD TV, 2 banyo-Jakuzi k\u00fcvetli ve du\u015fa kabinli, banyoda telefon, direkt hatl\u0131 telefon, wi-fi, elektronik kasa, merkezi klima, mini bar, f\u00f6n makinesi, kozmetik ayna, enerji tasarrufu &hellip; <span class=\"more-link-wrap\"><a href=\"https:\/\/www.kumkoybeachresort.com\/?p=5819\" class=\"more-link\">Read More <span class=\"screen-reader-text\"> \"King Suit (4 Ki\u015filik)\"<\/span><\/a><\/span>                <\/div>\n                <div class=\"room-group-style-3\">\n                                        <a class=\"room-read-link\" href=\"https:\/\/www.kumkoybeachresort.com\/?p=5819\">see detail<i class=\"opal-icon-long-arrow-right\"><\/i><\/a>\n                <\/div>\n\n            <\/div>\n        <\/div>\n    <\/div>\n<\/article><!-- #post-## --><\/div><div class=\"column-item room-entries __all \"><article id=\"post-5816\" class=\"room post-5816 hb_room type-hb_room status-publish has-post-thumbnail hentry\">\n    <div class=\"room-inner\">\n        <div class=\"room-post-thumbnail\">\n                            <img decoding=\"async\" width=\"700\" height=\"394\" src=\"https:\/\/www.kumkoybeachresort.com\/wp-content\/uploads\/2019\/08\/golevi-delux-ekonomi-oda-700x394.jpg\" class=\"attachment-erios-gallery-image size-erios-gallery-image wp-post-image\" alt=\"\" srcset=\"https:\/\/www.kumkoybeachresort.com\/wp-content\/uploads\/2019\/08\/golevi-delux-ekonomi-oda-700x394.jpg 700w, https:\/\/www.kumkoybeachresort.com\/wp-content\/uploads\/2019\/08\/golevi-delux-ekonomi-oda-300x169.jpg 300w, https:\/\/www.kumkoybeachresort.com\/wp-content\/uploads\/2019\/08\/golevi-delux-ekonomi-oda-1024x576.jpg 1024w, https:\/\/www.kumkoybeachresort.com\/wp-content\/uploads\/2019\/08\/golevi-delux-ekonomi-oda-768x432.jpg 768w, https:\/\/www.kumkoybeachresort.com\/wp-content\/uploads\/2019\/08\/golevi-delux-ekonomi-oda-1536x864.jpg 1536w, https:\/\/www.kumkoybeachresort.com\/wp-content\/uploads\/2019\/08\/golevi-delux-ekonomi-oda.jpg 1920w\" sizes=\"(max-width: 700px) 100vw, 700px\" \/>                    <\/div><!-- .post-thumbnail -->\n        <div class=\"room-content\">\n            <div class=\"room-content-inner\">\n                \n                <div class=\"room-description\">\n                    90 m\u00b2 alana sahip Suit odalar\u0131m\u0131z, 2 yatak odas\u0131 ve 1 oturma odas\u0131ndan olu\u015fmaktad\u0131r. 1 \u00c7ift Ki\u015filik ve 2 Tek Ki\u015filik Yatak vard\u0131r. Suit odalar\u0131m\u0131zda; uydu yay\u0131nl\u0131 3 LCD TV, 2 banyo k\u00fcvet ve du\u015fakabin, banyoda telefon, direkt hatl\u0131 telefon, wi-fi, elektronik kasa, merkezi klima, mini bar, f\u00f6n makinesi, kozmetik ayna, enerji tasarrufu sistemi, su &hellip; <span class=\"more-link-wrap\"><a href=\"https:\/\/www.kumkoybeachresort.com\/?p=5816\" class=\"more-link\">Read More <span class=\"screen-reader-text\"> \"Suit (2 Ki\u015filik)\"<\/span><\/a><\/span>                <\/div>\n                <div class=\"room-group-style-3\">\n                                        <a class=\"room-read-link\" href=\"https:\/\/www.kumkoybeachresort.com\/?p=5816\">see detail<i class=\"opal-icon-long-arrow-right\"><\/i><\/a>\n                <\/div>\n\n            <\/div>\n        <\/div>\n    <\/div>\n<\/article><!-- #post-## --><\/div><div class=\"column-item room-entries __all \"><article id=\"post-5814\" class=\"room post-5814 hb_room type-hb_room status-publish has-post-thumbnail hentry\">\n    <div class=\"room-inner\">\n        <div class=\"room-post-thumbnail\">\n                            <img decoding=\"async\" width=\"700\" height=\"394\" src=\"https:\/\/www.kumkoybeachresort.com\/wp-content\/uploads\/2024\/09\/junior-suite-700x394.jpg\" class=\"attachment-erios-gallery-image size-erios-gallery-image wp-post-image\" alt=\"\" srcset=\"https:\/\/www.kumkoybeachresort.com\/wp-content\/uploads\/2024\/09\/junior-suite-700x394.jpg 700w, https:\/\/www.kumkoybeachresort.com\/wp-content\/uploads\/2024\/09\/junior-suite-300x169.jpg 300w, https:\/\/www.kumkoybeachresort.com\/wp-content\/uploads\/2024\/09\/junior-suite-1024x576.jpg 1024w, https:\/\/www.kumkoybeachresort.com\/wp-content\/uploads\/2024\/09\/junior-suite-768x432.jpg 768w, https:\/\/www.kumkoybeachresort.com\/wp-content\/uploads\/2024\/09\/junior-suite-1536x864.jpg 1536w, https:\/\/www.kumkoybeachresort.com\/wp-content\/uploads\/2024\/09\/junior-suite.jpg 1920w\" sizes=\"(max-width: 700px) 100vw, 700px\" \/>                    <\/div><!-- .post-thumbnail -->\n        <div class=\"room-content\">\n            <div class=\"room-content-inner\">\n                \n                <div class=\"room-description\">\n                    60 m\u00b2 alana sahip Junior Suit odalar\u0131m\u0131z ara kap\u0131l\u0131 2 yatak odas\u0131ndan olu\u015fmaktad\u0131r. 1 \u00c7ift Ki\u015filik ve 2 Tek Ki\u015filik Yatak vard\u0131r. Junior Suit odalar\u0131m\u0131zda; uydu yay\u0131nl\u0131 2 LCD TV, 1 banyo ve 1 du\u015fakabin, banyoda telefon, direkt hatl\u0131 telefon, wi-fi, elektronik kasa, merkezi klima, mini bar, f\u00f6n makinesi, kozmetik ayna, enerji tasarrufu sistemi, su &hellip; <span class=\"more-link-wrap\"><a href=\"https:\/\/www.kumkoybeachresort.com\/?p=5814\" class=\"more-link\">Read More <span class=\"screen-reader-text\"> \"Junior Suit (4 Ki\u015filik)\"<\/span><\/a><\/span>                <\/div>\n                <div class=\"room-group-style-3\">\n                                        <a class=\"room-read-link\" href=\"https:\/\/www.kumkoybeachresort.com\/?p=5814\">see detail<i class=\"opal-icon-long-arrow-right\"><\/i><\/a>\n                <\/div>\n\n            <\/div>\n        <\/div>\n    <\/div>\n<\/article><!-- #post-## --><\/div><div class=\"column-item room-entries __all \"><article id=\"post-1760\" class=\"room post-1760 hb_room type-hb_room status-publish has-post-thumbnail hentry\">\n    <div class=\"room-inner\">\n        <div class=\"room-post-thumbnail\">\n                            <img loading=\"lazy\" decoding=\"async\" width=\"700\" height=\"394\" src=\"https:\/\/www.kumkoybeachresort.com\/wp-content\/uploads\/2019\/08\/standart-oda-700x394.jpg\" class=\"attachment-erios-gallery-image size-erios-gallery-image wp-post-image\" alt=\"\" srcset=\"https:\/\/www.kumkoybeachresort.com\/wp-content\/uploads\/2019\/08\/standart-oda-700x394.jpg 700w, https:\/\/www.kumkoybeachresort.com\/wp-content\/uploads\/2019\/08\/standart-oda-300x169.jpg 300w, https:\/\/www.kumkoybeachresort.com\/wp-content\/uploads\/2019\/08\/standart-oda-1024x576.jpg 1024w, https:\/\/www.kumkoybeachresort.com\/wp-content\/uploads\/2019\/08\/standart-oda-768x432.jpg 768w, https:\/\/www.kumkoybeachresort.com\/wp-content\/uploads\/2019\/08\/standart-oda-1536x864.jpg 1536w, https:\/\/www.kumkoybeachresort.com\/wp-content\/uploads\/2019\/08\/standart-oda.jpg 1920w\" sizes=\"(max-width: 700px) 100vw, 700px\" \/>                    <\/div><!-- .post-thumbnail -->\n        <div class=\"room-content\">\n            <div class=\"room-content-inner\">\n                \n                <div class=\"room-description\">\n                    Kumk\u00f6y Beach Resort Otelimizde yer alan 27 m\u00b2 Standart odalar\u0131m\u0131z, kara, deniz veya yandan deniz manzaras\u0131 se\u00e7enekleriyle konforlu bir konaklama sunmaktad\u0131r. Tatilinizde huzur ve rahatl\u0131\u011f\u0131 bir arada bulacaks\u0131n\u0131z. *Standart odalarda maksimum 3 ki\u015fi konaklama yap\u0131lmaktad\u0131r.                <\/div>\n                <div class=\"room-group-style-3\">\n                                        <a class=\"room-read-link\" href=\"https:\/\/www.kumkoybeachresort.com\/?p=1760\">see detail<i class=\"opal-icon-long-arrow-right\"><\/i><\/a>\n                <\/div>\n\n            <\/div>\n        <\/div>\n    <\/div>\n<\/article><!-- #post-## --><\/div>            <\/div>\n        <\/div>\n        \t\t\t\t<\/div>\n\t\t\t\t<\/div>\n\t\t\t\t\t<\/div>\n\t\t<\/div>\n\t\t\t\t\t<\/div>\n\t\t<\/section>\n\t\t\t\t<\/div>\n\t\t","protected":false},"excerpt":{"rendered":"","protected":false},"author":1,"featured_media":0,"parent":0,"menu_order":0,"comment_status":"closed","ping_status":"closed","template":"page-elementor.php","meta":{"inline_featured_image":false,"footnotes":""},"class_list":["post-1990","page","type-page","status-publish","hentry"],"_links":{"self":[{"href":"https:\/\/www.kumkoybeachresort.com\/index.php\/wp-json\/wp\/v2\/pages\/1990","targetHints":{"allow":["GET"]}}],"collection":[{"href":"https:\/\/www.kumkoybeachresort.com\/index.php\/wp-json\/wp\/v2\/pages"}],"about":[{"href":"https:\/\/www.kumkoybeachresort.com\/index.php\/wp-json\/wp\/v2\/types\/page"}],"author":[{"embeddable":true,"href":"https:\/\/www.kumkoybeachresort.com\/index.php\/wp-json\/wp\/v2\/users\/1"}],"replies":[{"embeddable":true,"href":"https:\/\/www.kumkoybeachresort.com\/index.php\/wp-json\/wp\/v2\/comments?post=1990"}],"version-history":[{"count":1,"href":"https:\/\/www.kumkoybeachresort.com\/index.php\/wp-json\/wp\/v2\/pages\/1990\/revisions"}],"predecessor-version":[{"id":5921,"href":"https:\/\/www.kumkoybeachresort.com\/index.php\/wp-json\/wp\/v2\/pages\/1990\/revisions\/5921"}],"wp:attachment":[{"href":"https:\/\/www.kumkoybeachresort.com\/index.php\/wp-json\/wp\/v2\/media?parent=1990"}],"curies":[{"name":"wp","href":"https:\/\/api.w.org\/{rel}","templated":true}]}}